{"id":135,"date":"2025-02-01T19:20:19","date_gmt":"2025-02-01T19:20:19","guid":{"rendered":"https:\/\/reps.evang.ro\/?page_id=135"},"modified":"2026-02-10T07:11:19","modified_gmt":"2026-02-10T07:11:19","slug":"seelsorge","status":"publish","type":"page","link":"https:\/\/reps.evang.ro\/index.php\/seelsorge\/","title":{"rendered":"Seelsorge"},"content":{"rendered":"\n<p>Sie sind mit Ihren Problemen nicht allein. Neben dem Gottesdienst ist die Seelsorge eine bedeutende Aufgabe f\u00fcr jeden Pfarrer.<\/p>\n\n\n\n<figure class=\"wp-block-image size-large is-resized\"><img loading=\"lazy\" decoding=\"async\" width=\"1080\" height=\"1080\" src=\"https:\/\/reps.evang.ro\/wp-content\/uploads\/2025\/03\/wp-17430654006757616962083767556962-edited.jpg\" alt=\"\" class=\"wp-image-252\" style=\"width:682px;height:auto\" srcset=\"https:\/\/reps.evang.ro\/wp-content\/uploads\/2025\/03\/wp-17430654006757616962083767556962-edited.jpg 1080w, https:\/\/reps.evang.ro\/wp-content\/uploads\/2025\/03\/wp-17430654006757616962083767556962-edited-300x300.jpg 300w, https:\/\/reps.evang.ro\/wp-content\/uploads\/2025\/03\/wp-17430654006757616962083767556962-edited-1024x1024.jpg 1024w, https:\/\/reps.evang.ro\/wp-content\/uploads\/2025\/03\/wp-17430654006757616962083767556962-edited-150x150.jpg 150w, https:\/\/reps.evang.ro\/wp-content\/uploads\/2025\/03\/wp-17430654006757616962083767556962-edited-768x768.jpg 768w\" sizes=\"auto, (max-width: 1080px) 100vw, 1080px\" \/><\/figure>\n\n\n\n<p>Jeder von uns durchlebt gute, oder auch schwierige Zeiten. Eine wichtige Aufgabe f\u00fcr uns als christliche Gemeinde ist es, uns gegenseitig zu unterst\u00fctzen, indem wir Sorgen teilen und helfen die Belastungen anderer mitzutragen.<\/p>\n\n\n\n<p>Gerne k\u00f6nnen Sie auch mit mir (Christiane Sch\u00f6ll) ein pers\u00f6nliches Gespr\u00e4ch vereinbaren. Dieses kann kurz, oder auch ausf\u00fchrlich sein: selbstverst\u00e4ndlich ist solch ein Gespr\u00e4ch vertraulich, denn als Pfarrerin habe ich mich dazu verpflichtet, das Seelsorgegeheimnis zu wahren. Meine Kontaktdaten finden Sie auf dieser Webseite.<\/p>\n\n\n\n<p><\/p>\n","protected":false},"excerpt":{"rendered":"<p>Sie sind mit Ihren Problemen nicht allein. Neben dem Gottesdienst ist die Seelsorge eine bedeutende Aufgabe f\u00fcr jeden Pfarrer. Jeder von uns durchlebt gute, oder auch schwierige Zeiten. Eine wichtige Aufgabe f\u00fcr uns als christliche Gemeinde ist es, uns gegenseitig zu unterst\u00fctzen, indem wir Sorgen teilen und helfen die Belastungen anderer mitzutragen. Gerne k\u00f6nnen Sie [&hellip;]<\/p>\n","protected":false},"author":1,"featured_media":0,"parent":0,"menu_order":0,"comment_status":"closed","ping_status":"closed","template":"","meta":{"footnotes":""},"class_list":["post-135","page","type-page","status-publish","hentry"],"_links":{"self":[{"href":"https:\/\/reps.evang.ro\/index.php\/wp-json\/wp\/v2\/pages\/135","targetHints":{"allow":["GET"]}}],"collection":[{"href":"https:\/\/reps.evang.ro\/index.php\/wp-json\/wp\/v2\/pages"}],"about":[{"href":"https:\/\/reps.evang.ro\/index.php\/wp-json\/wp\/v2\/types\/page"}],"author":[{"embeddable":true,"href":"https:\/\/reps.evang.ro\/index.php\/wp-json\/wp\/v2\/users\/1"}],"replies":[{"embeddable":true,"href":"https:\/\/reps.evang.ro\/index.php\/wp-json\/wp\/v2\/comments?post=135"}],"version-history":[{"count":10,"href":"https:\/\/reps.evang.ro\/index.php\/wp-json\/wp\/v2\/pages\/135\/revisions"}],"predecessor-version":[{"id":335,"href":"https:\/\/reps.evang.ro\/index.php\/wp-json\/wp\/v2\/pages\/135\/revisions\/335"}],"wp:attachment":[{"href":"https:\/\/reps.evang.ro\/index.php\/wp-json\/wp\/v2\/media?parent=135"}],"curies":[{"name":"wp","href":"https:\/\/api.w.org\/{rel}","templated":true}]}}