{"id":26,"date":"2025-02-01T13:33:39","date_gmt":"2025-02-01T13:33:39","guid":{"rendered":"https:\/\/reps.evang.ro\/?page_id=26"},"modified":"2026-03-05T18:32:23","modified_gmt":"2026-03-05T18:32:23","slug":"bodendorf-bunesti","status":"publish","type":"page","link":"https:\/\/reps.evang.ro\/index.php\/bodendorf-bunesti\/","title":{"rendered":"Bodendorf \/ Bune\u0219ti"},"content":{"rendered":"\n<figure class=\"wp-block-gallery has-nested-images columns-default is-cropped wp-block-gallery-1 is-layout-flex wp-block-gallery-is-layout-flex\">\n<figure class=\"wp-block-image size-large\"><img loading=\"lazy\" decoding=\"async\" width=\"1024\" height=\"664\" data-id=\"403\" src=\"https:\/\/reps.evang.ro\/wp-content\/uploads\/2026\/02\/IMG_8233-1024x664.jpeg\" alt=\"\" class=\"wp-image-403\" srcset=\"https:\/\/reps.evang.ro\/wp-content\/uploads\/2026\/02\/IMG_8233-1024x664.jpeg 1024w, https:\/\/reps.evang.ro\/wp-content\/uploads\/2026\/02\/IMG_8233-300x194.jpeg 300w, https:\/\/reps.evang.ro\/wp-content\/uploads\/2026\/02\/IMG_8233-768x498.jpeg 768w, https:\/\/reps.evang.ro\/wp-content\/uploads\/2026\/02\/IMG_8233-1536x995.jpeg 1536w, https:\/\/reps.evang.ro\/wp-content\/uploads\/2026\/02\/IMG_8233-2048x1327.jpeg 2048w\" sizes=\"auto, (max-width: 1024px) 100vw, 1024px\" \/><\/figure>\n<\/figure>\n\n\n\n<p><em>Die Kirchenburg wurde durch eine EU-Projekt 2010-2014 umf\u00e4nglich restauriert<\/em><\/p>\n\n\n\n<p><br>Die Kirchenburg von Bodendorf geht auf eine sp\u00e4tromanische Pfeilerbasilika aus dem sp\u00e4ten 13. Jahrhundert zur\u00fcck. Um 1500 wurde die Kirche zur Wehrkirche ausgebaut und mit einem befestigten Chor sowie einer Ringmauer mit T\u00fcrmen versehen. In die Mauern integrierte man Gaden, die der Bev\u00f6lkerung zur sicheren Aufbewahrung von Vorr\u00e4ten dienten. Der Innenraum ist durch doppelgeschossige Seitenemporen aus dem 17. und 18. Jahrhundert gepr\u00e4gt, deren Br\u00fcstungen teilweise bemalt sind. Ein Chronogramm aus dem Jahr 1680 erinnert an bewegte Zeiten in der Geschichte der Gemeinde. Der heutige Turm entstand im 19. Jahrhundert und verleiht der Anlage ihr charakteristisches Erscheinungsbild.\u00a0<br><br>Weitere Informationen befinden sich am Burgtor.<\/p>\n\n\n\n<p>Kontakt: Hr. Helmuth Wagner +40 727 344 718<\/p>\n\n\n\n<p><\/p>\n\n\n\n<p><br><strong>\u00d6ffnungszeiten Kirchenburg<\/strong>: <em>Besichtigung nach Absprache m\u00f6glich<\/em><\/p>\n","protected":false},"excerpt":{"rendered":"<p>Die Kirchenburg wurde durch eine EU-Projekt 2010-2014 umf\u00e4nglich restauriert Die Kirchenburg von Bodendorf geht auf eine sp\u00e4tromanische Pfeilerbasilika aus dem sp\u00e4ten 13. Jahrhundert zur\u00fcck. Um 1500 wurde die Kirche zur Wehrkirche ausgebaut und mit einem befestigten Chor sowie einer Ringmauer mit T\u00fcrmen versehen. In die Mauern integrierte man Gaden, die der Bev\u00f6lkerung zur sicheren Aufbewahrung [&hellip;]<\/p>\n","protected":false},"author":1,"featured_media":0,"parent":0,"menu_order":0,"comment_status":"closed","ping_status":"closed","template":"","meta":{"footnotes":""},"class_list":["post-26","page","type-page","status-publish","hentry"],"_links":{"self":[{"href":"https:\/\/reps.evang.ro\/index.php\/wp-json\/wp\/v2\/pages\/26","targetHints":{"allow":["GET"]}}],"collection":[{"href":"https:\/\/reps.evang.ro\/index.php\/wp-json\/wp\/v2\/pages"}],"about":[{"href":"https:\/\/reps.evang.ro\/index.php\/wp-json\/wp\/v2\/types\/page"}],"author":[{"embeddable":true,"href":"https:\/\/reps.evang.ro\/index.php\/wp-json\/wp\/v2\/users\/1"}],"replies":[{"embeddable":true,"href":"https:\/\/reps.evang.ro\/index.php\/wp-json\/wp\/v2\/comments?post=26"}],"version-history":[{"count":13,"href":"https:\/\/reps.evang.ro\/index.php\/wp-json\/wp\/v2\/pages\/26\/revisions"}],"predecessor-version":[{"id":464,"href":"https:\/\/reps.evang.ro\/index.php\/wp-json\/wp\/v2\/pages\/26\/revisions\/464"}],"wp:attachment":[{"href":"https:\/\/reps.evang.ro\/index.php\/wp-json\/wp\/v2\/media?parent=26"}],"curies":[{"name":"wp","href":"https:\/\/api.w.org\/{rel}","templated":true}]}}