{"id":28,"date":"2025-02-01T13:34:16","date_gmt":"2025-02-01T13:34:16","guid":{"rendered":"https:\/\/reps.evang.ro\/?page_id=28"},"modified":"2026-03-05T18:33:52","modified_gmt":"2026-03-05T18:33:52","slug":"draas-drauseni","status":"publish","type":"page","link":"https:\/\/reps.evang.ro\/index.php\/draas-drauseni\/","title":{"rendered":"Draas \/ Dr\u0103u\u0219eni"},"content":{"rendered":"\n<figure class=\"wp-block-gallery has-nested-images columns-default is-cropped wp-block-gallery-1 is-layout-flex wp-block-gallery-is-layout-flex\">\n<figure class=\"wp-block-image size-large\"><img loading=\"lazy\" decoding=\"async\" width=\"1024\" height=\"717\" data-id=\"397\" src=\"https:\/\/reps.evang.ro\/wp-content\/uploads\/2026\/02\/IMG_7797-1-1024x717.jpeg\" alt=\"\" class=\"wp-image-397\" srcset=\"https:\/\/reps.evang.ro\/wp-content\/uploads\/2026\/02\/IMG_7797-1-1024x717.jpeg 1024w, https:\/\/reps.evang.ro\/wp-content\/uploads\/2026\/02\/IMG_7797-1-300x210.jpeg 300w, https:\/\/reps.evang.ro\/wp-content\/uploads\/2026\/02\/IMG_7797-1-768x537.jpeg 768w, https:\/\/reps.evang.ro\/wp-content\/uploads\/2026\/02\/IMG_7797-1.jpeg 1179w\" sizes=\"auto, (max-width: 1024px) 100vw, 1024px\" \/><\/figure>\n<\/figure>\n\n\n\n<p><em>Die Glocken im markanten Turm werden immernoch zu Anl\u00e4ssen gel\u00e4uetet<\/em><\/p>\n\n\n\n<p><\/p>\n\n\n\n<p>Am Ostsrand des alten K\u00f6nigsbodens befindet sich der symboltr\u00e4chtige Ort Draas. Im\u00a013. Jahrhundert entstand im Ortszentrum eine romanische Pfeilerbasilika mit westlichem Turm, Chor und Apsis, die an Stelle einer \u00e4lteren Kirche aus dem 12. Jahrhundert gebaut wurde. Im Jahr\u00a01494 wurde das Bauwerk wehrhaft ausgebaut: Turm, Langhaus und Chor erhielten Verteidigungsgeschosse, und eine\u00a0circa 8 Meter hohe Ringmauer mit f\u00fcnf Bastionen wurde errichtet \u2013 ein noch heute weitgehend erhaltenes Erscheinungsbild. Besonders hervorgehoben wird das romanische\u00a0Westportal mit bedeutenden Steinmetzarbeiten, das zu den wertvollsten seiner Art in Siebenb\u00fcrgen z\u00e4hlt. Im Innenraum wurden bei langj\u00e4hrigen Restaurierungsarbeiten gro\u00dffl\u00e4chige\u00a0Fresken freigelegt, und Reste der originalen Bauglieder aus romanischer Zeit, wie Rundfenster und Zwillingsfenster, sind noch erkennbar. Die reich ausgestattete Altars aus dem Jahr\u00a01638\u00a0wurde w\u00e4hrend der Sicherungsarbeiten ausgelagert, und ist bisher (bis auf einige Heiligenfiguren) nicht zur\u00fcckgekehrt. Die Orgel ist in Reps auf der Orgelempore zu sehen. Eine Replik des ber\u00fchmter Draaser Schwerts befindet sich in der Kirche.\u00a0<br><br>Den Schl\u00fcssel zur Burg verwahrt Familie Kosa (Nr. 87). Weitere Infos finden sich am Burgtor. <br><\/p>\n\n\n\n<p><\/p>\n\n\n\n<p><br><strong>\u00d6ffnungszeiten Kirchenburg<\/strong>: <em>Besichtigung nur nach vorheriger Absprache m\u00f6glich <\/em><\/p>\n","protected":false},"excerpt":{"rendered":"<p>Die Glocken im markanten Turm werden immernoch zu Anl\u00e4ssen gel\u00e4uetet Am Ostsrand des alten K\u00f6nigsbodens befindet sich der symboltr\u00e4chtige Ort Draas. Im\u00a013. Jahrhundert entstand im Ortszentrum eine romanische Pfeilerbasilika mit westlichem Turm, Chor und Apsis, die an Stelle einer \u00e4lteren Kirche aus dem 12. Jahrhundert gebaut wurde. Im Jahr\u00a01494 wurde das Bauwerk wehrhaft ausgebaut: Turm, [&hellip;]<\/p>\n","protected":false},"author":1,"featured_media":0,"parent":0,"menu_order":0,"comment_status":"closed","ping_status":"closed","template":"","meta":{"footnotes":""},"class_list":["post-28","page","type-page","status-publish","hentry"],"_links":{"self":[{"href":"https:\/\/reps.evang.ro\/index.php\/wp-json\/wp\/v2\/pages\/28","targetHints":{"allow":["GET"]}}],"collection":[{"href":"https:\/\/reps.evang.ro\/index.php\/wp-json\/wp\/v2\/pages"}],"about":[{"href":"https:\/\/reps.evang.ro\/index.php\/wp-json\/wp\/v2\/types\/page"}],"author":[{"embeddable":true,"href":"https:\/\/reps.evang.ro\/index.php\/wp-json\/wp\/v2\/users\/1"}],"replies":[{"embeddable":true,"href":"https:\/\/reps.evang.ro\/index.php\/wp-json\/wp\/v2\/comments?post=28"}],"version-history":[{"count":5,"href":"https:\/\/reps.evang.ro\/index.php\/wp-json\/wp\/v2\/pages\/28\/revisions"}],"predecessor-version":[{"id":466,"href":"https:\/\/reps.evang.ro\/index.php\/wp-json\/wp\/v2\/pages\/28\/revisions\/466"}],"wp:attachment":[{"href":"https:\/\/reps.evang.ro\/index.php\/wp-json\/wp\/v2\/media?parent=28"}],"curies":[{"name":"wp","href":"https:\/\/api.w.org\/{rel}","templated":true}]}}