{"id":30,"date":"2025-02-01T13:34:36","date_gmt":"2025-02-01T13:34:36","guid":{"rendered":"https:\/\/reps.evang.ro\/?page_id=30"},"modified":"2026-03-05T18:31:41","modified_gmt":"2026-03-05T18:31:41","slug":"deutsch-kreuz-crit","status":"publish","type":"page","link":"https:\/\/reps.evang.ro\/index.php\/deutsch-kreuz-crit\/","title":{"rendered":"Deutsch-Kreuz \/ Cri\u021b"},"content":{"rendered":"\n<figure class=\"wp-block-gallery has-nested-images columns-default is-cropped wp-block-gallery-1 is-layout-flex wp-block-gallery-is-layout-flex\">\n<figure class=\"wp-block-image size-large\"><img loading=\"lazy\" decoding=\"async\" width=\"919\" height=\"1024\" data-id=\"326\" src=\"https:\/\/reps.evang.ro\/wp-content\/uploads\/2026\/02\/IMG_7511-919x1024.jpeg\" alt=\"\" class=\"wp-image-326\" srcset=\"https:\/\/reps.evang.ro\/wp-content\/uploads\/2026\/02\/IMG_7511-919x1024.jpeg 919w, https:\/\/reps.evang.ro\/wp-content\/uploads\/2026\/02\/IMG_7511-269x300.jpeg 269w, https:\/\/reps.evang.ro\/wp-content\/uploads\/2026\/02\/IMG_7511-768x856.jpeg 768w, https:\/\/reps.evang.ro\/wp-content\/uploads\/2026\/02\/IMG_7511.jpeg 1179w\" sizes=\"auto, (max-width: 919px) 100vw, 919px\" \/><\/figure>\n<\/figure>\n\n\n\n<p><em>Kirchenburg mit den ehemaligen Fruchtkamnmern (mittlerweile Eventbereich)<\/em><\/p>\n\n\n\n<p><br>Die Kirchenburg von\u00a0Deutsch-Kreuz liegt auf einer Anh\u00f6he und bildet einen zentralen Teil der gleichnamigen Ortschaft. Die klassizistische Saalkirche mit Chor und westlichem Glockenturm wurde 1810\u20131813 nach Abbruch des mittelalterlichen Vorg\u00e4ngerbaus errichtet.\u00a0Von der urspr\u00fcnglichen Wehranlage des 15. Jahrhunderts haben sich die Ringmauer und vier der f\u00fcnf T\u00fcrme erhalten, w\u00e4hrend ein Turm 1925 einst\u00fcrzte und nicht wieder aufgebaut wurde.\u00a0Die Lage innerhalb des Orts und der steinige Zugangspfad spiegeln die historische Funktion als Schutzort im Zentrum der Dorfgemeinschaft wider.\u00a0Im Rahmen eines EU-finanzierten Projekts wurde die Anlage zwischen 2010 und 2014 umfassend restauriert, was f\u00fcr ihren langfristigen Erhalt von gro\u00dfer Bedeutung war und ist. <br><br>In der Rekonstruktion des alten Pfarrhauses befindet sich die <strong>Casa Kraus <\/strong>(G\u00e4stehaus, Restauration und Event-Location), welche zum Verweilen oder auch \u00dcbernachten einl\u00e4dt. Weitere Informationen befinden sich am Kirchentor.<br><br>Kontakt: Hr. Dietmar Depner +40 740 597 493<\/p>\n\n\n\n<p><\/p>\n\n\n\n<p><strong>\u00d6ffnungszeiten Kirchenburg<\/strong>: <em>Besichtigung nach Absprach m\u00f6glich <\/em><\/p>\n","protected":false},"excerpt":{"rendered":"<p>Kirchenburg mit den ehemaligen Fruchtkamnmern (mittlerweile Eventbereich) Die Kirchenburg von\u00a0Deutsch-Kreuz liegt auf einer Anh\u00f6he und bildet einen zentralen Teil der gleichnamigen Ortschaft. Die klassizistische Saalkirche mit Chor und westlichem Glockenturm wurde 1810\u20131813 nach Abbruch des mittelalterlichen Vorg\u00e4ngerbaus errichtet.\u00a0Von der urspr\u00fcnglichen Wehranlage des 15. Jahrhunderts haben sich die Ringmauer und vier der f\u00fcnf T\u00fcrme erhalten, w\u00e4hrend [&hellip;]<\/p>\n","protected":false},"author":1,"featured_media":0,"parent":0,"menu_order":0,"comment_status":"closed","ping_status":"closed","template":"","meta":{"footnotes":""},"class_list":["post-30","page","type-page","status-publish","hentry"],"_links":{"self":[{"href":"https:\/\/reps.evang.ro\/index.php\/wp-json\/wp\/v2\/pages\/30","targetHints":{"allow":["GET"]}}],"collection":[{"href":"https:\/\/reps.evang.ro\/index.php\/wp-json\/wp\/v2\/pages"}],"about":[{"href":"https:\/\/reps.evang.ro\/index.php\/wp-json\/wp\/v2\/types\/page"}],"author":[{"embeddable":true,"href":"https:\/\/reps.evang.ro\/index.php\/wp-json\/wp\/v2\/users\/1"}],"replies":[{"embeddable":true,"href":"https:\/\/reps.evang.ro\/index.php\/wp-json\/wp\/v2\/comments?post=30"}],"version-history":[{"count":12,"href":"https:\/\/reps.evang.ro\/index.php\/wp-json\/wp\/v2\/pages\/30\/revisions"}],"predecessor-version":[{"id":463,"href":"https:\/\/reps.evang.ro\/index.php\/wp-json\/wp\/v2\/pages\/30\/revisions\/463"}],"wp:attachment":[{"href":"https:\/\/reps.evang.ro\/index.php\/wp-json\/wp\/v2\/media?parent=30"}],"curies":[{"name":"wp","href":"https:\/\/api.w.org\/{rel}","templated":true}]}}