{"id":32,"date":"2025-02-01T13:35:03","date_gmt":"2025-02-01T13:35:03","guid":{"rendered":"https:\/\/reps.evang.ro\/?page_id=32"},"modified":"2026-03-05T18:33:31","modified_gmt":"2026-03-05T18:33:31","slug":"deutsch-tekes-tichusul-vechi","status":"publish","type":"page","link":"https:\/\/reps.evang.ro\/index.php\/deutsch-tekes-tichusul-vechi\/","title":{"rendered":"Deutsch-Tekes \/ Tichu\u0219ul vechi"},"content":{"rendered":"\n<figure class=\"wp-block-gallery has-nested-images columns-default is-cropped wp-block-gallery-1 is-layout-flex wp-block-gallery-is-layout-flex\">\n<figure class=\"wp-block-image size-large\"><img loading=\"lazy\" decoding=\"async\" width=\"914\" height=\"1024\" data-id=\"375\" src=\"https:\/\/reps.evang.ro\/wp-content\/uploads\/2026\/02\/IMG_7775-914x1024.jpeg\" alt=\"\" class=\"wp-image-375\" srcset=\"https:\/\/reps.evang.ro\/wp-content\/uploads\/2026\/02\/IMG_7775-914x1024.jpeg 914w, https:\/\/reps.evang.ro\/wp-content\/uploads\/2026\/02\/IMG_7775-268x300.jpeg 268w, https:\/\/reps.evang.ro\/wp-content\/uploads\/2026\/02\/IMG_7775-768x860.jpeg 768w, https:\/\/reps.evang.ro\/wp-content\/uploads\/2026\/02\/IMG_7775.jpeg 1179w\" sizes=\"auto, (max-width: 914px) 100vw, 914px\" \/><\/figure>\n<\/figure>\n\n\n\n<p><em>Die Kirchenburg liegt etwas versteckt \u00fcber der Ortschaft<\/em><\/p>\n\n\n\n<p>Die sp\u00e4tgotische Saalkirche entstand zu Beginn des 15. Jahrhunderts und wurde wenig sp\u00e4ter wehrhaft ausgebaut. Im 16. Jahrhundert erhielt die Anlage zus\u00e4tzliche Befestigungen. Eine ovale Ringmauer umschlie\u00dft die Kirche und war urspr\u00fcnglich mit Speicherkammern ausgestattet, die der Dorfbev\u00f6lkerung in Notzeiten als R\u00fcckzugs- und Vorratsr\u00e4ume dienten. Der Westturm mit seinen Schie\u00dfscharten und dem h\u00f6lzernen Wehrgang zeugt noch heute von der einstigen Verteidigungsfunktion der Anlage. Der mittelalterliche Kirchenbau und Turm wurden im 19. Jahrhundert umfassend Barock neu-und umgebaut. Im Inneren haben sich unter anderem ein barocker Altar von 1772 und eine Empore aus sp\u00e4terer Zeit erhalten, die vom fortdauernden kirchlichen Leben bis ins 20. Jahrhundert erz\u00e4hlen. Das Schmuckst\u00fcck des Innenraumes ist die Orgel von 1752. Informationen dazu finden sich am Metalltor vor der Kirche.<\/p>\n\n\n\n<p>Im Ort gibt es eine Second-Hand Kleiderkammer, die nach Absprache auch f\u00fcr Besucher \u00f6ffnet.<br><\/p>\n\n\n\n<p>Kontakt: Fr. Anna Faff +40 771 469 989<\/p>\n\n\n\n<p><\/p>\n\n\n\n<p><strong>\u00d6ffnungszeiten Kirche<\/strong>: <em>Besichtigung nach Absprache m\u00f6glich <\/em><\/p>\n","protected":false},"excerpt":{"rendered":"<p>Die Kirchenburg liegt etwas versteckt \u00fcber der Ortschaft Die sp\u00e4tgotische Saalkirche entstand zu Beginn des 15. Jahrhunderts und wurde wenig sp\u00e4ter wehrhaft ausgebaut. Im 16. Jahrhundert erhielt die Anlage zus\u00e4tzliche Befestigungen. Eine ovale Ringmauer umschlie\u00dft die Kirche und war urspr\u00fcnglich mit Speicherkammern ausgestattet, die der Dorfbev\u00f6lkerung in Notzeiten als R\u00fcckzugs- und Vorratsr\u00e4ume dienten. Der Westturm [&hellip;]<\/p>\n","protected":false},"author":1,"featured_media":0,"parent":0,"menu_order":0,"comment_status":"closed","ping_status":"closed","template":"","meta":{"footnotes":""},"class_list":["post-32","page","type-page","status-publish","hentry"],"_links":{"self":[{"href":"https:\/\/reps.evang.ro\/index.php\/wp-json\/wp\/v2\/pages\/32","targetHints":{"allow":["GET"]}}],"collection":[{"href":"https:\/\/reps.evang.ro\/index.php\/wp-json\/wp\/v2\/pages"}],"about":[{"href":"https:\/\/reps.evang.ro\/index.php\/wp-json\/wp\/v2\/types\/page"}],"author":[{"embeddable":true,"href":"https:\/\/reps.evang.ro\/index.php\/wp-json\/wp\/v2\/users\/1"}],"replies":[{"embeddable":true,"href":"https:\/\/reps.evang.ro\/index.php\/wp-json\/wp\/v2\/comments?post=32"}],"version-history":[{"count":8,"href":"https:\/\/reps.evang.ro\/index.php\/wp-json\/wp\/v2\/pages\/32\/revisions"}],"predecessor-version":[{"id":465,"href":"https:\/\/reps.evang.ro\/index.php\/wp-json\/wp\/v2\/pages\/32\/revisions\/465"}],"wp:attachment":[{"href":"https:\/\/reps.evang.ro\/index.php\/wp-json\/wp\/v2\/media?parent=32"}],"curies":[{"name":"wp","href":"https:\/\/api.w.org\/{rel}","templated":true}]}}