{"id":34,"date":"2025-02-01T13:35:19","date_gmt":"2025-02-01T13:35:19","guid":{"rendered":"https:\/\/reps.evang.ro\/?page_id=34"},"modified":"2026-04-07T08:51:32","modified_gmt":"2026-04-07T08:51:32","slug":"deutsch-weisskirch-viscri","status":"publish","type":"page","link":"https:\/\/reps.evang.ro\/index.php\/deutsch-weisskirch-viscri\/","title":{"rendered":"Deutsch-Wei\u00dfkirch \/ Viscri"},"content":{"rendered":"\n<figure class=\"wp-block-gallery has-nested-images columns-default is-cropped wp-block-gallery-1 is-layout-flex wp-block-gallery-is-layout-flex\">\n<figure class=\"wp-block-image size-large\"><img loading=\"lazy\" decoding=\"async\" width=\"1024\" height=\"738\" data-id=\"367\" src=\"https:\/\/reps.evang.ro\/wp-content\/uploads\/2026\/02\/IMG_7770-1024x738.jpeg\" alt=\"\" class=\"wp-image-367\" srcset=\"https:\/\/reps.evang.ro\/wp-content\/uploads\/2026\/02\/IMG_7770-1024x738.jpeg 1024w, https:\/\/reps.evang.ro\/wp-content\/uploads\/2026\/02\/IMG_7770-300x216.jpeg 300w, https:\/\/reps.evang.ro\/wp-content\/uploads\/2026\/02\/IMG_7770-768x554.jpeg 768w, https:\/\/reps.evang.ro\/wp-content\/uploads\/2026\/02\/IMG_7770.jpeg 1179w\" sizes=\"auto, (max-width: 1024px) 100vw, 1024px\" \/><\/figure>\n<\/figure>\n\n\n\n<p><em>Die Kirchenburg Deutschwei\u00dfkirch geh\u00f6rt zum UNESCO-Weltkulturerbe <\/em><\/p>\n\n\n\n<p>Der erste Kirchenbau von Deutschwei\u00dfkirch wurde im vermutlich 12. Jahrhundert errichtet und sp\u00e4ter gotisch erweitert. Ab dem 15. Jahrhundert wurde sie von einer ovalen Ringmauer mit mehreren Wehrt\u00fcrmen umgeben, welche die Dorfbewohner im Angriffsfall sch\u00fctzen konnten. An die Ringmauer wurden im Burginneren Vorratsr\u00e4ume angebaut. Der zentrale Kirchturm diente zugleich als Glocken- und Wehrturm, welcher bestiegen werden kann. Im Torhaus befindet sich mittlerweile ein Museum zur Geschichte des Dorfes und den dortigen Traditionen. Deutschwei\u00dfkirch ist ein anschauliches Beispiel f\u00fcr die urspr\u00fcngliche s\u00e4chsische Kirchenburgenarchitektur. Durch seine abgelegene Lage hat sich das Dorfbild sehr urspr\u00fcnglich erhalten. Sehenswert insbesondere die Bauernh\u00e4user aus dem 17. und 18. Jahrhundert. Als Gesamtensemble ist das Dorf zum UNESCO-Weltkulturerbe kategorisiert worden. <br><br>Im Ort selbst gibt es diverse Einkaufsm\u00f6glichkeiten f\u00fcr lokale Produkte, Restaurants und Pensionen. Zudem befindet sich dort das \u201eHaus des Prince of Wales\u201c: ein altes s\u00e4chsisches Bauernhaus, welches sich im Besitz des englischen K\u00f6nigs Charles befindet und als Museum und Ausstellungsraum besichtigt werden kann. Im Gro\u00dfteil des Dorfes gilt reines Anwohnerparken. Gesonderte Parkm\u00f6glichkeiten f\u00fcr Besucher befinden sich am Dorfrand (Ausfahrt Richtung Sch\u00e4\u00dfburg).<\/p>\n\n\n\n<p>Kontakt: Kirchenburg +40 745 324 394<br><a href=\"https:\/\/www.biserica-fortificata-viscri.ro\/de\/\">https:\/\/www.biserica-fortificata-viscri.ro\/de\/<\/a><br><br>Kirchenf\u00fchrungen sind in mehreren Sprachen m\u00f6glich (geregelt deutsch, rum\u00e4nisch und englisch &#8211; weitere auf Anfrage). Im alten Burgh\u00fcterhaus vor dem Burgeingang befinden sich der Kartenverkauf mit Souveniershop und Toiletten.<\/p>\n\n\n\n<p><\/p>\n\n\n\n<p><br><strong>\u00d6ffnungszeiten Kirchenburg<\/strong>: t\u00e4glich<\/p>\n\n\n\n<p>1. April \u2013 25. Oktober<br>10:00 \u2013 18:00 Uhr<\/p>\n\n\n\n<p>26. Oktober \u2013 31. M\u00e4rz<br>10:00 \u2013 16:00<br><\/p>\n\n\n\n<p><\/p>\n","protected":false},"excerpt":{"rendered":"<p>Die Kirchenburg Deutschwei\u00dfkirch geh\u00f6rt zum UNESCO-Weltkulturerbe Der erste Kirchenbau von Deutschwei\u00dfkirch wurde im vermutlich 12. Jahrhundert errichtet und sp\u00e4ter gotisch erweitert. Ab dem 15. Jahrhundert wurde sie von einer ovalen Ringmauer mit mehreren Wehrt\u00fcrmen umgeben, welche die Dorfbewohner im Angriffsfall sch\u00fctzen konnten. An die Ringmauer wurden im Burginneren Vorratsr\u00e4ume angebaut. Der zentrale Kirchturm diente zugleich [&hellip;]<\/p>\n","protected":false},"author":1,"featured_media":0,"parent":0,"menu_order":0,"comment_status":"closed","ping_status":"closed","template":"","meta":{"footnotes":""},"class_list":["post-34","page","type-page","status-publish","hentry"],"_links":{"self":[{"href":"https:\/\/reps.evang.ro\/index.php\/wp-json\/wp\/v2\/pages\/34","targetHints":{"allow":["GET"]}}],"collection":[{"href":"https:\/\/reps.evang.ro\/index.php\/wp-json\/wp\/v2\/pages"}],"about":[{"href":"https:\/\/reps.evang.ro\/index.php\/wp-json\/wp\/v2\/types\/page"}],"author":[{"embeddable":true,"href":"https:\/\/reps.evang.ro\/index.php\/wp-json\/wp\/v2\/users\/1"}],"replies":[{"embeddable":true,"href":"https:\/\/reps.evang.ro\/index.php\/wp-json\/wp\/v2\/comments?post=34"}],"version-history":[{"count":7,"href":"https:\/\/reps.evang.ro\/index.php\/wp-json\/wp\/v2\/pages\/34\/revisions"}],"predecessor-version":[{"id":485,"href":"https:\/\/reps.evang.ro\/index.php\/wp-json\/wp\/v2\/pages\/34\/revisions\/485"}],"wp:attachment":[{"href":"https:\/\/reps.evang.ro\/index.php\/wp-json\/wp\/v2\/media?parent=34"}],"curies":[{"name":"wp","href":"https:\/\/api.w.org\/{rel}","templated":true}]}}