{"id":36,"date":"2025-02-01T13:35:31","date_gmt":"2025-02-01T13:35:31","guid":{"rendered":"https:\/\/reps.evang.ro\/?page_id=36"},"modified":"2026-03-05T18:29:11","modified_gmt":"2026-03-05T18:29:11","slug":"galt-ungra","status":"publish","type":"page","link":"https:\/\/reps.evang.ro\/index.php\/galt-ungra\/","title":{"rendered":"Galt \/ Ungra"},"content":{"rendered":"\n<figure class=\"wp-block-gallery has-nested-images columns-default is-cropped wp-block-gallery-1 is-layout-flex wp-block-gallery-is-layout-flex\">\n<figure class=\"wp-block-image size-large\"><img loading=\"lazy\" decoding=\"async\" width=\"1024\" height=\"753\" data-id=\"336\" src=\"https:\/\/reps.evang.ro\/wp-content\/uploads\/2026\/02\/IMG_7630-1024x753.jpeg\" alt=\"\" class=\"wp-image-336\" srcset=\"https:\/\/reps.evang.ro\/wp-content\/uploads\/2026\/02\/IMG_7630-1024x753.jpeg 1024w, https:\/\/reps.evang.ro\/wp-content\/uploads\/2026\/02\/IMG_7630-300x221.jpeg 300w, https:\/\/reps.evang.ro\/wp-content\/uploads\/2026\/02\/IMG_7630-768x565.jpeg 768w, https:\/\/reps.evang.ro\/wp-content\/uploads\/2026\/02\/IMG_7630.jpeg 1179w\" sizes=\"auto, (max-width: 1024px) 100vw, 1024px\" \/><\/figure>\n<\/figure>\n\n\n\n<p><em>Die Kirchenburg \u00f6ffnet ihre Tore gerne f\u00fcr Besucher<\/em><\/p>\n\n\n\n<p>Die Kirchenburg Galt liegt auf einem Bergr\u00fccken oberhalb des Dorfes und besteht aus einer romanischen Basilika des fr\u00fchen 13. Jahrhunderts, deren Westportal und Fensterreste noch original erhalten sind. Nach dem Tatareneinfall von 1658 wurden die Seitenschiffe nicht wieder aufgebaut, ihre Arkaden sind jedoch bis heute von au\u00dfen ablesbar. Der Turm musste nach einem schweren Erdbeben im fr\u00fchen 19. Jahrhundert abgetragen werden. Die unregelm\u00e4\u00dfige Ringmauer setzt sich aus Bauabschnitten unterschiedlicher Zeitstellung zusammen, darunter ein f\u00fcnfeckiger Nordostturm (mittlerweile eingest\u00fcrzt). Im Kirchenraum befinden sich eine Orgel-H\u00fclle von 1846 und ein gemaltes Kreuzigungsbild aus dem 16. Jahrhundert. Vom Torturm er\u00f6ffnet sich ein wundersch\u00f6ner Blick auf die umliegende Landschaft des Geisterwaldes und weiter bis hin zum Fogarascher Gebirge und K\u00f6nigsstein. Informationen am Tor zum Kirchenaufgang.<br><br>Kontakt: Hr. Karl-Heinz Sz\u00f6ts +40 743 739 901<\/p>\n\n\n\n<p><\/p>\n\n\n\n<p><br><strong>\u00d6ffnungszeiten Kirchenburg<\/strong> <em>Besichtigung nach Voranmeldung m\u00f6glich <\/em><\/p>\n\n\n\n<p><\/p>\n","protected":false},"excerpt":{"rendered":"<p>Die Kirchenburg \u00f6ffnet ihre Tore gerne f\u00fcr Besucher Die Kirchenburg Galt liegt auf einem Bergr\u00fccken oberhalb des Dorfes und besteht aus einer romanischen Basilika des fr\u00fchen 13. Jahrhunderts, deren Westportal und Fensterreste noch original erhalten sind. Nach dem Tatareneinfall von 1658 wurden die Seitenschiffe nicht wieder aufgebaut, ihre Arkaden sind jedoch bis heute von au\u00dfen [&hellip;]<\/p>\n","protected":false},"author":1,"featured_media":0,"parent":0,"menu_order":0,"comment_status":"closed","ping_status":"closed","template":"","meta":{"footnotes":""},"class_list":["post-36","page","type-page","status-publish","hentry"],"_links":{"self":[{"href":"https:\/\/reps.evang.ro\/index.php\/wp-json\/wp\/v2\/pages\/36","targetHints":{"allow":["GET"]}}],"collection":[{"href":"https:\/\/reps.evang.ro\/index.php\/wp-json\/wp\/v2\/pages"}],"about":[{"href":"https:\/\/reps.evang.ro\/index.php\/wp-json\/wp\/v2\/types\/page"}],"author":[{"embeddable":true,"href":"https:\/\/reps.evang.ro\/index.php\/wp-json\/wp\/v2\/users\/1"}],"replies":[{"embeddable":true,"href":"https:\/\/reps.evang.ro\/index.php\/wp-json\/wp\/v2\/comments?post=36"}],"version-history":[{"count":8,"href":"https:\/\/reps.evang.ro\/index.php\/wp-json\/wp\/v2\/pages\/36\/revisions"}],"predecessor-version":[{"id":460,"href":"https:\/\/reps.evang.ro\/index.php\/wp-json\/wp\/v2\/pages\/36\/revisions\/460"}],"wp:attachment":[{"href":"https:\/\/reps.evang.ro\/index.php\/wp-json\/wp\/v2\/media?parent=36"}],"curies":[{"name":"wp","href":"https:\/\/api.w.org\/{rel}","templated":true}]}}