{"id":38,"date":"2025-02-01T13:35:46","date_gmt":"2025-02-01T13:35:46","guid":{"rendered":"https:\/\/reps.evang.ro\/?page_id=38"},"modified":"2026-03-05T18:29:00","modified_gmt":"2026-03-05T18:29:00","slug":"hamruden-homorod","status":"publish","type":"page","link":"https:\/\/reps.evang.ro\/index.php\/hamruden-homorod\/","title":{"rendered":"Hamruden \/ Homorod"},"content":{"rendered":"\n<figure class=\"wp-block-image size-large\"><img loading=\"lazy\" decoding=\"async\" width=\"1024\" height=\"808\" src=\"https:\/\/reps.evang.ro\/wp-content\/uploads\/2026\/01\/IMG_6658-1024x808.jpeg\" alt=\"\" class=\"wp-image-313\" srcset=\"https:\/\/reps.evang.ro\/wp-content\/uploads\/2026\/01\/IMG_6658-1024x808.jpeg 1024w, https:\/\/reps.evang.ro\/wp-content\/uploads\/2026\/01\/IMG_6658-300x237.jpeg 300w, https:\/\/reps.evang.ro\/wp-content\/uploads\/2026\/01\/IMG_6658-768x606.jpeg 768w, https:\/\/reps.evang.ro\/wp-content\/uploads\/2026\/01\/IMG_6658.jpeg 1126w\" sizes=\"auto, (max-width: 1024px) 100vw, 1024px\" \/><figcaption class=\"wp-element-caption\"><em>Die Kirchenburg ist mit ihren markanten T\u00fcrmen von weitem sichtbar<\/em><\/figcaption><\/figure>\n\n\n\n<p>Die Kirchenburg von Hamruden hat ihre Urspr\u00fcnge in einer sp\u00e4tromanischen Kirche, die gegen Ende des 13.\u202fJahrhunderts erbaut wurde und im Zuge der Wehrhaftmachung um 1500 mit einem der m\u00e4chtigsten Wehrt\u00fcrme Siebenb\u00fcrgens \u00fcber dem ehemaligen Chor ausgestattet wurde.&nbsp;<br>Dieser achteckige Bergfried erhebt sich in acht Geschossen und markiert das Bauwerk weithin sichtbar als Verteidigungsbau und sakrale Mitte der Dorfgemeinschaft.&nbsp;Im Zuge der Befestigungsphase wurde der Chor vom Langhaus getrennt und die kleinere Westturmanlage mit zwei zus\u00e4tzlichen Ringmauern gesichert, wobei die innere Mauer vier Eckt\u00fcrme aufweist.&nbsp;1784 erweiterte man das Kirchenschiff umfassend, wie durch den Anbau eines s\u00fcdlichen Chores. Besonders bemerkenswert sind die&nbsp;Fragmentreste mittelalterlicher Wandmalereien&nbsp;im ehemaligen Chorraum, die Darstellungen aus verschiedenen Epochen \u2013 von etwa 1270 bis ins sp\u00e4te Mittelalter \u2013 zeigen und zu den \u00e4ltesten erhaltenen Malereien in der Region z\u00e4hlen (diese sind nicht \u00f6ffentlich zug\u00e4nglich). Informationen finden sich an der Burgpforte.<\/p>\n\n\n\n<p>Kontakt: Fr. Elisabeta Marton +40 738 542 604 (im gegen\u00fcberliegenden Pfarrhaus)<\/p>\n\n\n\n<p><br><strong>\u00d6ffnungszeiten Kirchenburg<\/strong>: <em>Besichtigung nach vorheriger Anmeldung m\u00f6glich<\/em><\/p>\n","protected":false},"excerpt":{"rendered":"<p>Die Kirchenburg von Hamruden hat ihre Urspr\u00fcnge in einer sp\u00e4tromanischen Kirche, die gegen Ende des 13.\u202fJahrhunderts erbaut wurde und im Zuge der Wehrhaftmachung um 1500 mit einem der m\u00e4chtigsten Wehrt\u00fcrme Siebenb\u00fcrgens \u00fcber dem ehemaligen Chor ausgestattet wurde.&nbsp;Dieser achteckige Bergfried erhebt sich in acht Geschossen und markiert das Bauwerk weithin sichtbar als Verteidigungsbau und sakrale Mitte [&hellip;]<\/p>\n","protected":false},"author":1,"featured_media":0,"parent":0,"menu_order":0,"comment_status":"closed","ping_status":"closed","template":"","meta":{"footnotes":""},"class_list":["post-38","page","type-page","status-publish","hentry"],"_links":{"self":[{"href":"https:\/\/reps.evang.ro\/index.php\/wp-json\/wp\/v2\/pages\/38","targetHints":{"allow":["GET"]}}],"collection":[{"href":"https:\/\/reps.evang.ro\/index.php\/wp-json\/wp\/v2\/pages"}],"about":[{"href":"https:\/\/reps.evang.ro\/index.php\/wp-json\/wp\/v2\/types\/page"}],"author":[{"embeddable":true,"href":"https:\/\/reps.evang.ro\/index.php\/wp-json\/wp\/v2\/users\/1"}],"replies":[{"embeddable":true,"href":"https:\/\/reps.evang.ro\/index.php\/wp-json\/wp\/v2\/comments?post=38"}],"version-history":[{"count":7,"href":"https:\/\/reps.evang.ro\/index.php\/wp-json\/wp\/v2\/pages\/38\/revisions"}],"predecessor-version":[{"id":459,"href":"https:\/\/reps.evang.ro\/index.php\/wp-json\/wp\/v2\/pages\/38\/revisions\/459"}],"wp:attachment":[{"href":"https:\/\/reps.evang.ro\/index.php\/wp-json\/wp\/v2\/media?parent=38"}],"curies":[{"name":"wp","href":"https:\/\/api.w.org\/{rel}","templated":true}]}}