{"id":40,"date":"2025-02-01T13:35:59","date_gmt":"2025-02-01T13:35:59","guid":{"rendered":"https:\/\/reps.evang.ro\/?page_id=40"},"modified":"2026-03-05T18:28:40","modified_gmt":"2026-03-05T18:28:40","slug":"katzendorf-cata","status":"publish","type":"page","link":"https:\/\/reps.evang.ro\/index.php\/katzendorf-cata\/","title":{"rendered":"Katzendorf \/ Ca\u021ba"},"content":{"rendered":"\n<figure class=\"wp-block-image size-large\"><img loading=\"lazy\" decoding=\"async\" width=\"1024\" height=\"789\" src=\"https:\/\/reps.evang.ro\/wp-content\/uploads\/2026\/01\/IMG_6656-1024x789.jpeg\" alt=\"\" class=\"wp-image-310\" srcset=\"https:\/\/reps.evang.ro\/wp-content\/uploads\/2026\/01\/IMG_6656-1024x789.jpeg 1024w, https:\/\/reps.evang.ro\/wp-content\/uploads\/2026\/01\/IMG_6656-300x231.jpeg 300w, https:\/\/reps.evang.ro\/wp-content\/uploads\/2026\/01\/IMG_6656-768x592.jpeg 768w, https:\/\/reps.evang.ro\/wp-content\/uploads\/2026\/01\/IMG_6656.jpeg 1067w\" sizes=\"auto, (max-width: 1024px) 100vw, 1024px\" \/><figcaption class=\"wp-element-caption\"><em>Die Kirchenburg liegt im Zentrum der Ortschaft<\/em><\/figcaption><\/figure>\n\n\n\n<p>Die Kirchenburg von Katzendorf stammt aus dem 13.\u202fJahrhundert, urspr\u00fcnglich als romanische Pfeilerbasilika erbaut. Chor und Apsis wurden im 15.\u202fJahrhundert im gotischen Stil umgebaut. 1894 st\u00fcrzte der Westturm ein, das Kreuzgratgew\u00f6lbe wurde entfernt, der Turm nicht wiederaufgebaut. Die Ringmauer aus dem 15.\u202fJahrhundert besitzt vier der urspr\u00fcnglich sechs Wehrt\u00fcrme, darunter den f\u00fcnfeckigen Pfarrersturm. Im 17.\u202fJahrhundert erhielt die Burg zus\u00e4tzliche Befestigungen mit einer zweiten Ringmauer und Zwingern. Die Burg wurde mehrfach bei Angriffen und Br\u00e4nden besch\u00e4digt. <br><br>Kontakt: Hr. Michael Markus +40754603360<br><\/p>\n\n\n\n<p><strong>\u00d6ffnungszeiten Kirchenburg<\/strong>: <em>Besichtigung nach Voranmeldung m\u00f6glich <\/em><\/p>\n","protected":false},"excerpt":{"rendered":"<p>Die Kirchenburg von Katzendorf stammt aus dem 13.\u202fJahrhundert, urspr\u00fcnglich als romanische Pfeilerbasilika erbaut. Chor und Apsis wurden im 15.\u202fJahrhundert im gotischen Stil umgebaut. 1894 st\u00fcrzte der Westturm ein, das Kreuzgratgew\u00f6lbe wurde entfernt, der Turm nicht wiederaufgebaut. Die Ringmauer aus dem 15.\u202fJahrhundert besitzt vier der urspr\u00fcnglich sechs Wehrt\u00fcrme, darunter den f\u00fcnfeckigen Pfarrersturm. Im 17.\u202fJahrhundert erhielt die [&hellip;]<\/p>\n","protected":false},"author":1,"featured_media":0,"parent":0,"menu_order":0,"comment_status":"closed","ping_status":"closed","template":"","meta":{"footnotes":""},"class_list":["post-40","page","type-page","status-publish","hentry"],"_links":{"self":[{"href":"https:\/\/reps.evang.ro\/index.php\/wp-json\/wp\/v2\/pages\/40","targetHints":{"allow":["GET"]}}],"collection":[{"href":"https:\/\/reps.evang.ro\/index.php\/wp-json\/wp\/v2\/pages"}],"about":[{"href":"https:\/\/reps.evang.ro\/index.php\/wp-json\/wp\/v2\/types\/page"}],"author":[{"embeddable":true,"href":"https:\/\/reps.evang.ro\/index.php\/wp-json\/wp\/v2\/users\/1"}],"replies":[{"embeddable":true,"href":"https:\/\/reps.evang.ro\/index.php\/wp-json\/wp\/v2\/comments?post=40"}],"version-history":[{"count":5,"href":"https:\/\/reps.evang.ro\/index.php\/wp-json\/wp\/v2\/pages\/40\/revisions"}],"predecessor-version":[{"id":458,"href":"https:\/\/reps.evang.ro\/index.php\/wp-json\/wp\/v2\/pages\/40\/revisions\/458"}],"wp:attachment":[{"href":"https:\/\/reps.evang.ro\/index.php\/wp-json\/wp\/v2\/media?parent=40"}],"curies":[{"name":"wp","href":"https:\/\/api.w.org\/{rel}","templated":true}]}}