{"id":44,"date":"2025-02-01T13:36:47","date_gmt":"2025-02-01T13:36:47","guid":{"rendered":"https:\/\/reps.evang.ro\/?page_id=44"},"modified":"2026-03-05T18:31:22","modified_gmt":"2026-03-05T18:31:22","slug":"meschendorf-mesendorf","status":"publish","type":"page","link":"https:\/\/reps.evang.ro\/index.php\/meschendorf-mesendorf\/","title":{"rendered":"Meschendorf \/ Me\u0219endorf"},"content":{"rendered":"\n<figure class=\"wp-block-gallery has-nested-images columns-default is-cropped wp-block-gallery-1 is-layout-flex wp-block-gallery-is-layout-flex\">\n<figure class=\"wp-block-image size-large\"><img loading=\"lazy\" decoding=\"async\" width=\"1024\" height=\"734\" data-id=\"407\" src=\"https:\/\/reps.evang.ro\/wp-content\/uploads\/2026\/02\/IMG_8330-1024x734.jpeg\" alt=\"\" class=\"wp-image-407\" srcset=\"https:\/\/reps.evang.ro\/wp-content\/uploads\/2026\/02\/IMG_8330-1024x734.jpeg 1024w, https:\/\/reps.evang.ro\/wp-content\/uploads\/2026\/02\/IMG_8330-300x215.jpeg 300w, https:\/\/reps.evang.ro\/wp-content\/uploads\/2026\/02\/IMG_8330-768x550.jpeg 768w, https:\/\/reps.evang.ro\/wp-content\/uploads\/2026\/02\/IMG_8330.jpeg 1179w\" sizes=\"auto, (max-width: 1024px) 100vw, 1024px\" \/><\/figure>\n<\/figure>\n\n\n\n<p><em>Die Kirchenburg befindet sich ganz am Ender Ortschaft auf einem H\u00fcgel <\/em><\/p>\n\n\n\n<p>Die Kirchenburg von\u00a0Meschendorf\u00a0l\u00e4\u00dft sich auf das 14. Jahrhundert zur\u00fcckf\u00fchren. Urspr\u00fcnglich wurde hier eine fr\u00fchgotische Saalkirche mit westlichem Turm und polygonalem Chor errichtet, die im Jahr 1495 f\u00fcr die Verteidigung aufger\u00fcstet wurde, indem der Turm, das Schiff und der Chor mit h\u00f6lzernen Wehrgeschossen versehen wurden. Gleichzeitig entstand eine Befestigungsmauer mit urspr\u00fcnglich drei Wehrt\u00fcrmen, von denen heute noch zwei erhalten sind; im 16. Jahrhundert kam ein Zwinger im S\u00fcdwesten hinzu, ein Teil der Ringmauer wurde sp\u00e4ter f\u00fcr den Bau einer Schule abgetragen. Bei Renovierungen im fr\u00fchen 19. Jahrhundert musste das Gew\u00f6lbe entfernt werden, doch der Turm blieb weitgehend in seiner mittelalterlichen Form erhalten. Im Inneren dominiert eine dreiseitig umlaufende Holzempore mit barocker Bemalung, erg\u00e4nzt durch einen Fl\u00fcgelaltar aus dem Jahr 1693 und eine Orgel von 1914. <br><br>Infos zur Besichtigung befinden sich am Kirchentor. <\/p>\n\n\n\n<p><\/p>\n\n\n\n<p><strong>\u00d6ffnungszeiten Kirchenburg<\/strong> <em>Besichtigung nach Voranmeldung m\u00f6glich &#8211; im Sommer t\u00e4glich <\/em>ge\u00f6ffnet<\/p>\n","protected":false},"excerpt":{"rendered":"<p>Die Kirchenburg befindet sich ganz am Ender Ortschaft auf einem H\u00fcgel Die Kirchenburg von\u00a0Meschendorf\u00a0l\u00e4\u00dft sich auf das 14. Jahrhundert zur\u00fcckf\u00fchren. Urspr\u00fcnglich wurde hier eine fr\u00fchgotische Saalkirche mit westlichem Turm und polygonalem Chor errichtet, die im Jahr 1495 f\u00fcr die Verteidigung aufger\u00fcstet wurde, indem der Turm, das Schiff und der Chor mit h\u00f6lzernen Wehrgeschossen versehen wurden. [&hellip;]<\/p>\n","protected":false},"author":1,"featured_media":0,"parent":0,"menu_order":0,"comment_status":"closed","ping_status":"closed","template":"","meta":{"footnotes":""},"class_list":["post-44","page","type-page","status-publish","hentry"],"_links":{"self":[{"href":"https:\/\/reps.evang.ro\/index.php\/wp-json\/wp\/v2\/pages\/44","targetHints":{"allow":["GET"]}}],"collection":[{"href":"https:\/\/reps.evang.ro\/index.php\/wp-json\/wp\/v2\/pages"}],"about":[{"href":"https:\/\/reps.evang.ro\/index.php\/wp-json\/wp\/v2\/types\/page"}],"author":[{"embeddable":true,"href":"https:\/\/reps.evang.ro\/index.php\/wp-json\/wp\/v2\/users\/1"}],"replies":[{"embeddable":true,"href":"https:\/\/reps.evang.ro\/index.php\/wp-json\/wp\/v2\/comments?post=44"}],"version-history":[{"count":3,"href":"https:\/\/reps.evang.ro\/index.php\/wp-json\/wp\/v2\/pages\/44\/revisions"}],"predecessor-version":[{"id":462,"href":"https:\/\/reps.evang.ro\/index.php\/wp-json\/wp\/v2\/pages\/44\/revisions\/462"}],"wp:attachment":[{"href":"https:\/\/reps.evang.ro\/index.php\/wp-json\/wp\/v2\/media?parent=44"}],"curies":[{"name":"wp","href":"https:\/\/api.w.org\/{rel}","templated":true}]}}