{"id":46,"date":"2025-02-01T13:37:01","date_gmt":"2025-02-01T13:37:01","guid":{"rendered":"https:\/\/reps.evang.ro\/?page_id=46"},"modified":"2026-03-05T18:40:10","modified_gmt":"2026-03-05T18:40:10","slug":"radeln-roades","status":"publish","type":"page","link":"https:\/\/reps.evang.ro\/index.php\/radeln-roades\/","title":{"rendered":"Radeln \/ Roade\u0219"},"content":{"rendered":"\n<figure class=\"wp-block-gallery has-nested-images columns-default is-cropped wp-block-gallery-1 is-layout-flex wp-block-gallery-is-layout-flex\">\n<figure class=\"wp-block-image size-large is-style-default\"><img loading=\"lazy\" decoding=\"async\" width=\"1024\" height=\"741\" data-id=\"343\" src=\"https:\/\/reps.evang.ro\/wp-content\/uploads\/2026\/02\/IMG_7769-1024x741.jpeg\" alt=\"\" class=\"wp-image-343\" srcset=\"https:\/\/reps.evang.ro\/wp-content\/uploads\/2026\/02\/IMG_7769-1024x741.jpeg 1024w, https:\/\/reps.evang.ro\/wp-content\/uploads\/2026\/02\/IMG_7769-300x217.jpeg 300w, https:\/\/reps.evang.ro\/wp-content\/uploads\/2026\/02\/IMG_7769-768x556.jpeg 768w, https:\/\/reps.evang.ro\/wp-content\/uploads\/2026\/02\/IMG_7769.jpeg 1179w\" sizes=\"auto, (max-width: 1024px) 100vw, 1024px\" \/><\/figure>\n<\/figure>\n\n\n\n<p><em>Die Kirchenburg wird derzeit restauriert <\/em><\/p>\n\n\n\n<p>Die Kirchenburg Radeln geht auf das 15. Jahrhundert zur\u00fcck und wurde von den Siebenb\u00fcrger Sachsen als wehrhafte Anlage zum Schutz der Dorfgemeinschaft errichtet. Im Zentrum steht eine sp\u00e4tgotische Saalkirche, die von einer ovalen Ringmauer mit mehreren T\u00fcrmen und Vorratskammern umgeben ist. Charakteristisch sind die massiven Verteidigungsmauern mit Schie\u00dfscharten sowie die Speicherr\u00e4ume, in denen Lebensmittel f\u00fcr Belagerungszeiten gelagert wurden. Die Anlage diente \u00fcber Jahrhunderte nicht nur als religi\u00f6ses Zentrum, sondern auch als Zufluchtsort bei Angriffen. 2016 st\u00fcrzten Teile des Turmes ein. Die Kirchenburg ist aufgrund der Bauarbeiten derzeit <strong>nicht zu besichtigen. <\/strong>Radeln selbst ist ein kleines, ruhig gelegenes Dorf mit sehr vielen Originalfassaden s\u00e4chsischer H\u00e4user. <\/p>\n\n\n\n<p><br><strong>\u00d6ffnungszeiten Kirchenburg :<\/strong> <em>Derzeit geschlossen <\/em><\/p>\n\n\n\n<p><\/p>\n","protected":false},"excerpt":{"rendered":"<p>Die Kirchenburg wird derzeit restauriert Die Kirchenburg Radeln geht auf das 15. Jahrhundert zur\u00fcck und wurde von den Siebenb\u00fcrger Sachsen als wehrhafte Anlage zum Schutz der Dorfgemeinschaft errichtet. Im Zentrum steht eine sp\u00e4tgotische Saalkirche, die von einer ovalen Ringmauer mit mehreren T\u00fcrmen und Vorratskammern umgeben ist. Charakteristisch sind die massiven Verteidigungsmauern mit Schie\u00dfscharten sowie die [&hellip;]<\/p>\n","protected":false},"author":1,"featured_media":343,"parent":0,"menu_order":0,"comment_status":"closed","ping_status":"closed","template":"","meta":{"footnotes":""},"class_list":["post-46","page","type-page","status-publish","has-post-thumbnail","hentry"],"_links":{"self":[{"href":"https:\/\/reps.evang.ro\/index.php\/wp-json\/wp\/v2\/pages\/46","targetHints":{"allow":["GET"]}}],"collection":[{"href":"https:\/\/reps.evang.ro\/index.php\/wp-json\/wp\/v2\/pages"}],"about":[{"href":"https:\/\/reps.evang.ro\/index.php\/wp-json\/wp\/v2\/types\/page"}],"author":[{"embeddable":true,"href":"https:\/\/reps.evang.ro\/index.php\/wp-json\/wp\/v2\/users\/1"}],"replies":[{"embeddable":true,"href":"https:\/\/reps.evang.ro\/index.php\/wp-json\/wp\/v2\/comments?post=46"}],"version-history":[{"count":8,"href":"https:\/\/reps.evang.ro\/index.php\/wp-json\/wp\/v2\/pages\/46\/revisions"}],"predecessor-version":[{"id":468,"href":"https:\/\/reps.evang.ro\/index.php\/wp-json\/wp\/v2\/pages\/46\/revisions\/468"}],"wp:featuredmedia":[{"embeddable":true,"href":"https:\/\/reps.evang.ro\/index.php\/wp-json\/wp\/v2\/media\/343"}],"wp:attachment":[{"href":"https:\/\/reps.evang.ro\/index.php\/wp-json\/wp\/v2\/media?parent=46"}],"curies":[{"name":"wp","href":"https:\/\/api.w.org\/{rel}","templated":true}]}}