{"id":48,"date":"2025-02-01T13:37:15","date_gmt":"2025-02-01T13:37:15","guid":{"rendered":"https:\/\/reps.evang.ro\/?page_id=48"},"modified":"2026-04-07T08:54:27","modified_gmt":"2026-04-07T08:54:27","slug":"reps-rupea","status":"publish","type":"page","link":"https:\/\/reps.evang.ro\/index.php\/reps-rupea\/","title":{"rendered":"Reps \/ Rupea"},"content":{"rendered":"\n<div class=\"wp-block-cover\" style=\"min-height:1432px;aspect-ratio:unset;\"><img loading=\"lazy\" decoding=\"async\" width=\"782\" height=\"1024\" class=\"wp-block-cover__image-background wp-image-280\" alt=\"\" src=\"https:\/\/reps.evang.ro\/wp-content\/uploads\/2025\/10\/IMG_1753-782x1024.jpeg\" data-object-fit=\"cover\" srcset=\"https:\/\/reps.evang.ro\/wp-content\/uploads\/2025\/10\/IMG_1753-782x1024.jpeg 782w, https:\/\/reps.evang.ro\/wp-content\/uploads\/2025\/10\/IMG_1753-229x300.jpeg 229w, https:\/\/reps.evang.ro\/wp-content\/uploads\/2025\/10\/IMG_1753-768x1006.jpeg 768w, https:\/\/reps.evang.ro\/wp-content\/uploads\/2025\/10\/IMG_1753-1173x1536.jpeg 1173w, https:\/\/reps.evang.ro\/wp-content\/uploads\/2025\/10\/IMG_1753.jpeg 1179w\" sizes=\"auto, (max-width: 782px) 100vw, 782px\" \/><span aria-hidden=\"true\" class=\"wp-block-cover__background has-background-dim\"><\/span><div class=\"wp-block-cover__inner-container is-layout-flow wp-block-cover-is-layout-flow\">\n<p>Repser Zentralkirche<\/p>\n\n\n\n<figure class=\"wp-block-image size-large\"><img loading=\"lazy\" decoding=\"async\" width=\"1024\" height=\"777\" src=\"https:\/\/reps.evang.ro\/wp-content\/uploads\/2026\/01\/IMG_6652-1024x777.jpeg\" alt=\"\" class=\"wp-image-304\" srcset=\"https:\/\/reps.evang.ro\/wp-content\/uploads\/2026\/01\/IMG_6652-1024x777.jpeg 1024w, https:\/\/reps.evang.ro\/wp-content\/uploads\/2026\/01\/IMG_6652-300x228.jpeg 300w, https:\/\/reps.evang.ro\/wp-content\/uploads\/2026\/01\/IMG_6652-768x583.jpeg 768w, https:\/\/reps.evang.ro\/wp-content\/uploads\/2026\/01\/IMG_6652.jpeg 1179w\" sizes=\"auto, (max-width: 1024px) 100vw, 1024px\" \/><figcaption class=\"wp-element-caption\">Der barocke Glockenturm pr\u00e4gt das Erscheinungsbild des Ortes <\/figcaption><\/figure>\n\n\n\n<figure class=\"wp-block-image size-large\"><img loading=\"lazy\" decoding=\"async\" width=\"1024\" height=\"768\" src=\"https:\/\/reps.evang.ro\/wp-content\/uploads\/2026\/02\/IMG_5483-1024x768.jpeg\" alt=\"\" class=\"wp-image-379\" srcset=\"https:\/\/reps.evang.ro\/wp-content\/uploads\/2026\/02\/IMG_5483-1024x768.jpeg 1024w, https:\/\/reps.evang.ro\/wp-content\/uploads\/2026\/02\/IMG_5483-300x225.jpeg 300w, https:\/\/reps.evang.ro\/wp-content\/uploads\/2026\/02\/IMG_5483-768x576.jpeg 768w, https:\/\/reps.evang.ro\/wp-content\/uploads\/2026\/02\/IMG_5483-1536x1152.jpeg 1536w, https:\/\/reps.evang.ro\/wp-content\/uploads\/2026\/02\/IMG_5483-2048x1536.jpeg 2048w\" sizes=\"auto, (max-width: 1024px) 100vw, 1024px\" \/><figcaption class=\"wp-element-caption\">Der Innenraum der Repser Kirche<\/figcaption><\/figure>\n\n\n\n<figure class=\"wp-block-image size-large\"><img loading=\"lazy\" decoding=\"async\" width=\"1024\" height=\"749\" src=\"https:\/\/reps.evang.ro\/wp-content\/uploads\/2026\/02\/IMG_5138-1024x749.jpeg\" alt=\"\" class=\"wp-image-380\" srcset=\"https:\/\/reps.evang.ro\/wp-content\/uploads\/2026\/02\/IMG_5138-1024x749.jpeg 1024w, https:\/\/reps.evang.ro\/wp-content\/uploads\/2026\/02\/IMG_5138-300x219.jpeg 300w, https:\/\/reps.evang.ro\/wp-content\/uploads\/2026\/02\/IMG_5138-768x562.jpeg 768w, https:\/\/reps.evang.ro\/wp-content\/uploads\/2026\/02\/IMG_5138.jpeg 1043w\" sizes=\"auto, (max-width: 1024px) 100vw, 1024px\" \/><figcaption class=\"wp-element-caption\">Sp\u00e4tmittelalterliche Wandmalereien (15.Jahrhundert): hier u.a. Erzengel Michael <\/figcaption><\/figure>\n\n\n\n<figure class=\"wp-block-image size-large\"><img loading=\"lazy\" decoding=\"async\" width=\"1024\" height=\"717\" src=\"https:\/\/reps.evang.ro\/wp-content\/uploads\/2026\/02\/IMG_5142-1024x717.jpeg\" alt=\"\" class=\"wp-image-382\" srcset=\"https:\/\/reps.evang.ro\/wp-content\/uploads\/2026\/02\/IMG_5142-1024x717.jpeg 1024w, https:\/\/reps.evang.ro\/wp-content\/uploads\/2026\/02\/IMG_5142-300x210.jpeg 300w, https:\/\/reps.evang.ro\/wp-content\/uploads\/2026\/02\/IMG_5142-768x538.jpeg 768w, https:\/\/reps.evang.ro\/wp-content\/uploads\/2026\/02\/IMG_5142.jpeg 1058w\" sizes=\"auto, (max-width: 1024px) 100vw, 1024px\" \/><figcaption class=\"wp-element-caption\">Der barocke Altar von 1709 ist ein Teil der vielf\u00e4ltigen Innenausstattung <\/figcaption><\/figure>\n\n\n\n<figure class=\"wp-block-image size-large\"><img loading=\"lazy\" decoding=\"async\" width=\"1024\" height=\"801\" src=\"https:\/\/reps.evang.ro\/wp-content\/uploads\/2026\/02\/IMG_5132-1024x801.jpeg\" alt=\"\" class=\"wp-image-383\" srcset=\"https:\/\/reps.evang.ro\/wp-content\/uploads\/2026\/02\/IMG_5132-1024x801.jpeg 1024w, https:\/\/reps.evang.ro\/wp-content\/uploads\/2026\/02\/IMG_5132-300x235.jpeg 300w, https:\/\/reps.evang.ro\/wp-content\/uploads\/2026\/02\/IMG_5132-768x601.jpeg 768w, https:\/\/reps.evang.ro\/wp-content\/uploads\/2026\/02\/IMG_5132.jpeg 1108w\" sizes=\"auto, (max-width: 1024px) 100vw, 1024px\" \/><figcaption class=\"wp-element-caption\">Der Kirchenbau vom Kirchhof aus<\/figcaption><\/figure>\n\n\n\n<figure class=\"wp-block-gallery has-nested-images columns-default is-cropped wp-block-gallery-1 is-layout-flex wp-block-gallery-is-layout-flex\"><\/figure>\n<\/div><\/div>\n\n\n\n<p><\/p>\n\n\n\n<p>Die evangelische Kirche von Reps datiert auf das 15.Jahrhundert und entstand als Saalkirche die der Marktgemeinde als Pfarrkirche diente und noch immer dient. Sie ist dem heiligen Jakobus geweiht. Im Inneren des Kirchenbaus befinden sich vielf\u00e4ltige Zeugnisse der regionalen und \u00fcberregionalen Geschichte: sp\u00e4tmittelalterliche Wandmalereinen und Gest\u00fchle, Epitaphien, 2 barocke Orgeln, der Altar von 1709, die Kassettendecke aus dem 18. Jahrhundert und diverses mehr. Im 18. Jahrhundert wurde der barocke Glockenturm errichtet, der bis heute das Erscheinungsbild der Kirche pr\u00e4gt und drei alte Glocken beherbergt (teils 600 Jahre). Es ist anzunehmen, dass an anderer Stelle bereits ein sp\u00e4tmittelalterlicher Glockenturm stand, der aber abgetragen wurde. <\/p>\n\n\n\n<p><\/p>\n\n\n\n<p>Reps ist seit dem Mittelalter das wirtschaftliche, verwalterische und kirchliche Zentrum der Mikroregion. Der ehemalige Repser Stuhl wurde Ende des 19. Jhd. in den Repser Kirchenbezirk \u00fcberf\u00fchrt, welcher mittlerweile ebenfalls aufgel\u00f6st ist. Die Liegenschaften des Repser Landes werden zur Zeit vom Bezirkskonsistorium Kronstadt aus verwaltet. Dennoch ist die heutige Organisation als Repser Diaspora eine Fortf\u00fchrung der alten Strukturen. In Reps befinden sich alle wichtige Funktionen des t\u00e4glichen Lebens (Krankenhaus, Gericht, Grundbuchamt, Polizei, Gesch\u00e4fte, Superm\u00e4rkte, Wochenmarkt, \u00c4rzte, Schulen &#8211; u.a. mit deutscher Unterrichtssprache, Restaurants, Baum\u00e4rkte usw.).<\/p>\n\n\n\n<p>Hier befindet sich auch die Zentralkirche der Diaspora und s\u00e4mtliche Funktionen des Kirchenlebens sind im lokalen Pfarrhaus konzentriert (Pfarrerin, Kurator, Verwalter).<br><br>Heute wird hier an jedem ersten Sonntag im Monat um 10:00 Gottesdienst gefeiert. Die Kirche kann geregelt besichtigt werden. Informationen finden sich im Schaukasten am Kirchhofstor.<\/p>\n\n\n\n<p>Auf dem Burgh\u00fcgel hoch \u00fcber der Stadt befindet sich die Repser Burg, welche als Fliehburg und Stuhlssitz fungierte. Diese kann t\u00e4glich gegen Entgelt besichtigt werden: <a href=\"https:\/\/cjbrasov.ro\/cetatea-rupea\/\">https:\/\/cjbrasov.ro\/cetatea-rupea\/<\/a><\/p>\n\n\n\n<p>Kontakt: Karl Hellwig +40 (722) 208 764<\/p>\n\n\n\n<p><\/p>\n\n\n\n<p><strong>\u00d6ffnungszeiten Kirche<\/strong>: <em>Besichtigung nach Voranmeldung<\/em><\/p>\n\n\n\n<p><em>Dienstags bis Sonntags: 10:00-19:00 <\/em><br><em>Montags geschlossen<\/em><\/p>\n\n\n\n<figure class=\"wp-block-image size-large\"><img loading=\"lazy\" decoding=\"async\" width=\"768\" height=\"1024\" src=\"https:\/\/reps.evang.ro\/wp-content\/uploads\/2026\/02\/IMG_7777-768x1024.jpeg\" alt=\"\" class=\"wp-image-384\" srcset=\"https:\/\/reps.evang.ro\/wp-content\/uploads\/2026\/02\/IMG_7777-768x1023.jpeg 768w, https:\/\/reps.evang.ro\/wp-content\/uploads\/2026\/02\/IMG_7777-225x300.jpeg 225w, https:\/\/reps.evang.ro\/wp-content\/uploads\/2026\/02\/IMG_7777-1153x1536.jpeg 1153w, https:\/\/reps.evang.ro\/wp-content\/uploads\/2026\/02\/IMG_7777.jpeg 1200w\" sizes=\"auto, (max-width: 768px) 100vw, 768px\" \/><\/figure>\n\n\n\n<p><\/p>\n","protected":false},"excerpt":{"rendered":"<p>Die evangelische Kirche von Reps datiert auf das 15.Jahrhundert und entstand als Saalkirche die der Marktgemeinde als Pfarrkirche diente und noch immer dient. Sie ist dem heiligen Jakobus geweiht. Im Inneren des Kirchenbaus befinden sich vielf\u00e4ltige Zeugnisse der regionalen und \u00fcberregionalen Geschichte: sp\u00e4tmittelalterliche Wandmalereinen und Gest\u00fchle, Epitaphien, 2 barocke Orgeln, der Altar von 1709, die [&hellip;]<\/p>\n","protected":false},"author":1,"featured_media":0,"parent":0,"menu_order":0,"comment_status":"closed","ping_status":"closed","template":"","meta":{"footnotes":""},"class_list":["post-48","page","type-page","status-publish","hentry"],"_links":{"self":[{"href":"https:\/\/reps.evang.ro\/index.php\/wp-json\/wp\/v2\/pages\/48","targetHints":{"allow":["GET"]}}],"collection":[{"href":"https:\/\/reps.evang.ro\/index.php\/wp-json\/wp\/v2\/pages"}],"about":[{"href":"https:\/\/reps.evang.ro\/index.php\/wp-json\/wp\/v2\/types\/page"}],"author":[{"embeddable":true,"href":"https:\/\/reps.evang.ro\/index.php\/wp-json\/wp\/v2\/users\/1"}],"replies":[{"embeddable":true,"href":"https:\/\/reps.evang.ro\/index.php\/wp-json\/wp\/v2\/comments?post=48"}],"version-history":[{"count":11,"href":"https:\/\/reps.evang.ro\/index.php\/wp-json\/wp\/v2\/pages\/48\/revisions"}],"predecessor-version":[{"id":487,"href":"https:\/\/reps.evang.ro\/index.php\/wp-json\/wp\/v2\/pages\/48\/revisions\/487"}],"wp:attachment":[{"href":"https:\/\/reps.evang.ro\/index.php\/wp-json\/wp\/v2\/media?parent=48"}],"curies":[{"name":"wp","href":"https:\/\/api.w.org\/{rel}","templated":true}]}}