{"id":50,"date":"2025-02-01T13:37:30","date_gmt":"2025-02-01T13:37:30","guid":{"rendered":"https:\/\/reps.evang.ro\/?page_id=50"},"modified":"2026-03-05T18:52:49","modified_gmt":"2026-03-05T18:52:49","slug":"schweischer-fiser","status":"publish","type":"page","link":"https:\/\/reps.evang.ro\/index.php\/schweischer-fiser\/","title":{"rendered":"Schweischer \/ Fi\u0219er"},"content":{"rendered":"\n<figure class=\"wp-block-image size-large\"><img loading=\"lazy\" decoding=\"async\" width=\"853\" height=\"1024\" src=\"https:\/\/reps.evang.ro\/wp-content\/uploads\/2026\/01\/IMG_6651-853x1024.jpeg\" alt=\"\" class=\"wp-image-299\" srcset=\"https:\/\/reps.evang.ro\/wp-content\/uploads\/2026\/01\/IMG_6651-853x1024.jpeg 853w, https:\/\/reps.evang.ro\/wp-content\/uploads\/2026\/01\/IMG_6651-250x300.jpeg 250w, https:\/\/reps.evang.ro\/wp-content\/uploads\/2026\/01\/IMG_6651-768x922.jpeg 768w, https:\/\/reps.evang.ro\/wp-content\/uploads\/2026\/01\/IMG_6651.jpeg 1179w\" sizes=\"auto, (max-width: 853px) 100vw, 853px\" \/><figcaption class=\"wp-element-caption\"><em>Die Kirchenburg liegt versteckt in einem W\u00e4ldchen \u00fcber dem Ort<\/em><\/figcaption><\/figure>\n\n\n\n<p><br>Der Ort\u00a0Schweischer wurde erstmals im Jahr\u00a01385 urkundlich erw\u00e4hnt. Der Baubeginn der gleichnamigen Kirche, in Hanglage \u00fcber dem Ort gelegen, wird auf etwa\u00a01452 datiert; um\u00a01515 wurde sie wehrhaft ausgebaut. Bis ins 18. Jahrhundert hinein war die Region wiederholt von milit\u00e4rischen Durchz\u00fcgen und \u00dcberf\u00e4llen betroffen, in dieser Zeit bot die\u00a0Kirchenburg den Bewohnern von Schweischer den n\u00f6tigen Schutz. Sie bestand aus einem Torturm, einer teilweise doppelten Ringmauer, zwei Speckt\u00fcrmen sowie einem damals deutlich h\u00f6heren Kirchenbau. Ende des 19. Jahrhundert wurde die Kirche teilweise renoviert: Sie erhielt einen neuen Torturm, und der Kirchenbau wurde umfassend umgebaut. Heute zeugen neben der gut erhaltenen Ringmauer und den Speckt\u00fcrmen auch weitere Details von der einstigen Wehrhaftigkeit der Anlage, darunter die mit Eisen beschlagene T\u00fcr des S\u00fcdportals aus dem\u00a017.Jahrhundert. Informationen finden sich am Kirchentor. <br><br>Unten im Ort befindet sich das landeskirchlich Altenheim der EKR f\u00fcr das Repser L\u00e4ndchen.<\/p>\n\n\n\n<p>Kontakt: Felix Anst\u00f6tz, +49 151 41324542<\/p>\n\n\n\n<p><\/p>\n\n\n\n<p><strong>\u00d6ffnungszeiten Kirchenburg<\/strong>: <em>nach Voranmeldung<\/em><br><br><em>Dienstag bis Sonntag: 10:00-19:00<\/em><br><em>Montag<\/em>: <em>geschlossen <\/em><\/p>\n","protected":false},"excerpt":{"rendered":"<p>Der Ort\u00a0Schweischer wurde erstmals im Jahr\u00a01385 urkundlich erw\u00e4hnt. Der Baubeginn der gleichnamigen Kirche, in Hanglage \u00fcber dem Ort gelegen, wird auf etwa\u00a01452 datiert; um\u00a01515 wurde sie wehrhaft ausgebaut. Bis ins 18. Jahrhundert hinein war die Region wiederholt von milit\u00e4rischen Durchz\u00fcgen und \u00dcberf\u00e4llen betroffen, in dieser Zeit bot die\u00a0Kirchenburg den Bewohnern von Schweischer den n\u00f6tigen Schutz. [&hellip;]<\/p>\n","protected":false},"author":1,"featured_media":0,"parent":0,"menu_order":0,"comment_status":"closed","ping_status":"closed","template":"","meta":{"footnotes":""},"class_list":["post-50","page","type-page","status-publish","hentry"],"_links":{"self":[{"href":"https:\/\/reps.evang.ro\/index.php\/wp-json\/wp\/v2\/pages\/50","targetHints":{"allow":["GET"]}}],"collection":[{"href":"https:\/\/reps.evang.ro\/index.php\/wp-json\/wp\/v2\/pages"}],"about":[{"href":"https:\/\/reps.evang.ro\/index.php\/wp-json\/wp\/v2\/types\/page"}],"author":[{"embeddable":true,"href":"https:\/\/reps.evang.ro\/index.php\/wp-json\/wp\/v2\/users\/1"}],"replies":[{"embeddable":true,"href":"https:\/\/reps.evang.ro\/index.php\/wp-json\/wp\/v2\/comments?post=50"}],"version-history":[{"count":9,"href":"https:\/\/reps.evang.ro\/index.php\/wp-json\/wp\/v2\/pages\/50\/revisions"}],"predecessor-version":[{"id":476,"href":"https:\/\/reps.evang.ro\/index.php\/wp-json\/wp\/v2\/pages\/50\/revisions\/476"}],"wp:attachment":[{"href":"https:\/\/reps.evang.ro\/index.php\/wp-json\/wp\/v2\/media?parent=50"}],"curies":[{"name":"wp","href":"https:\/\/api.w.org\/{rel}","templated":true}]}}