{"id":52,"date":"2025-02-01T13:37:43","date_gmt":"2025-02-01T13:37:43","guid":{"rendered":"https:\/\/reps.evang.ro\/?page_id=52"},"modified":"2026-03-05T18:44:51","modified_gmt":"2026-03-05T18:44:51","slug":"stein-dacia","status":"publish","type":"page","link":"https:\/\/reps.evang.ro\/index.php\/stein-dacia\/","title":{"rendered":"Stein \/ Dacia"},"content":{"rendered":"\n<figure class=\"wp-block-gallery has-nested-images columns-default is-cropped wp-block-gallery-1 is-layout-flex wp-block-gallery-is-layout-flex\">\n<figure class=\"wp-block-image size-large\"><img loading=\"lazy\" decoding=\"async\" width=\"1024\" height=\"750\" data-id=\"392\" src=\"https:\/\/reps.evang.ro\/wp-content\/uploads\/2026\/02\/IMG_7795-1024x750.jpeg\" alt=\"\" class=\"wp-image-392\" srcset=\"https:\/\/reps.evang.ro\/wp-content\/uploads\/2026\/02\/IMG_7795-1024x750.jpeg 1024w, https:\/\/reps.evang.ro\/wp-content\/uploads\/2026\/02\/IMG_7795-300x220.jpeg 300w, https:\/\/reps.evang.ro\/wp-content\/uploads\/2026\/02\/IMG_7795-768x562.jpeg 768w, https:\/\/reps.evang.ro\/wp-content\/uploads\/2026\/02\/IMG_7795.jpeg 1179w\" sizes=\"auto, (max-width: 1024px) 100vw, 1024px\" \/><\/figure>\n<\/figure>\n\n\n\n<p><em>Die Kirchenburg steht zentral im Ort<\/em><\/p>\n\n\n\n<p><\/p>\n\n\n\n<p>Die Kirchenburg von Stein ist ein historisches Bauwerk, dessen Ursprung auf eine romanische Pfeilerbasilika aus dem 13. Jahrhundert zur\u00fcckgeht. Um etwa 1500 wurde der Bau wehrhaft umgestaltet: Seitenschiffe wurden entfernt, und der Innenraum erhielt st\u00e4rkere Mauern sowie ein neues Tonnengew\u00f6lbe mit der Jahreszahl 1517. Der Glockenturm st\u00fcrzte im Erdbeben von 1738 ein und wurde sp\u00e4ter, im 18. Jahrhundert, wieder aufgebaut. Der Turm den man heute sieht, entstand im 19.Jahrhundert. Infos finden am Kircheneingang. <\/p>\n\n\n\n<p>Kontakt: Elena Dragus +40784834680<\/p>\n\n\n\n<p><\/p>\n\n\n\n<p><br><strong>\u00d6ffnungszeiten Kirchenburg<\/strong>: <em>Besichtigung nach Anmeldung m\u00f6glich <\/em><\/p>\n\n\n\n<p><\/p>\n","protected":false},"excerpt":{"rendered":"<p>Die Kirchenburg steht zentral im Ort Die Kirchenburg von Stein ist ein historisches Bauwerk, dessen Ursprung auf eine romanische Pfeilerbasilika aus dem 13. Jahrhundert zur\u00fcckgeht. Um etwa 1500 wurde der Bau wehrhaft umgestaltet: Seitenschiffe wurden entfernt, und der Innenraum erhielt st\u00e4rkere Mauern sowie ein neues Tonnengew\u00f6lbe mit der Jahreszahl 1517. Der Glockenturm st\u00fcrzte im Erdbeben [&hellip;]<\/p>\n","protected":false},"author":1,"featured_media":0,"parent":0,"menu_order":0,"comment_status":"closed","ping_status":"closed","template":"","meta":{"footnotes":""},"class_list":["post-52","page","type-page","status-publish","hentry"],"_links":{"self":[{"href":"https:\/\/reps.evang.ro\/index.php\/wp-json\/wp\/v2\/pages\/52","targetHints":{"allow":["GET"]}}],"collection":[{"href":"https:\/\/reps.evang.ro\/index.php\/wp-json\/wp\/v2\/pages"}],"about":[{"href":"https:\/\/reps.evang.ro\/index.php\/wp-json\/wp\/v2\/types\/page"}],"author":[{"embeddable":true,"href":"https:\/\/reps.evang.ro\/index.php\/wp-json\/wp\/v2\/users\/1"}],"replies":[{"embeddable":true,"href":"https:\/\/reps.evang.ro\/index.php\/wp-json\/wp\/v2\/comments?post=52"}],"version-history":[{"count":4,"href":"https:\/\/reps.evang.ro\/index.php\/wp-json\/wp\/v2\/pages\/52\/revisions"}],"predecessor-version":[{"id":472,"href":"https:\/\/reps.evang.ro\/index.php\/wp-json\/wp\/v2\/pages\/52\/revisions\/472"}],"wp:attachment":[{"href":"https:\/\/reps.evang.ro\/index.php\/wp-json\/wp\/v2\/media?parent=52"}],"curies":[{"name":"wp","href":"https:\/\/api.w.org\/{rel}","templated":true}]}}