{"id":54,"date":"2025-02-01T13:37:55","date_gmt":"2025-02-01T13:37:55","guid":{"rendered":"https:\/\/reps.evang.ro\/?page_id=54"},"modified":"2026-03-05T18:49:05","modified_gmt":"2026-03-05T18:49:05","slug":"streitfort-merceasa","status":"publish","type":"page","link":"https:\/\/reps.evang.ro\/index.php\/streitfort-merceasa\/","title":{"rendered":"Streitfort \/ Mercea\u0219a"},"content":{"rendered":"\n<figure class=\"wp-block-gallery has-nested-images columns-default is-cropped wp-block-gallery-1 is-layout-flex wp-block-gallery-is-layout-flex\">\n<figure data-wp-context=\"{&quot;imageId&quot;:&quot;69d9853c9595d&quot;}\" data-wp-interactive=\"core\/image\" data-wp-key=\"69d9853c9595d\" class=\"wp-block-image size-large wp-lightbox-container\"><img loading=\"lazy\" decoding=\"async\" width=\"1024\" height=\"768\" data-wp-class--hide=\"state.isContentHidden\" data-wp-class--show=\"state.isContentVisible\" data-wp-init=\"callbacks.setButtonStyles\" data-wp-on--click=\"actions.showLightbox\" data-wp-on--load=\"callbacks.setButtonStyles\" data-wp-on-window--resize=\"callbacks.setButtonStyles\" data-id=\"329\" src=\"https:\/\/reps.evang.ro\/wp-content\/uploads\/2026\/02\/IMG_7536-1024x768.jpeg\" alt=\"\" class=\"wp-image-329\" srcset=\"https:\/\/reps.evang.ro\/wp-content\/uploads\/2026\/02\/IMG_7536-1024x768.jpeg 1024w, https:\/\/reps.evang.ro\/wp-content\/uploads\/2026\/02\/IMG_7536-300x225.jpeg 300w, https:\/\/reps.evang.ro\/wp-content\/uploads\/2026\/02\/IMG_7536-768x576.jpeg 768w, https:\/\/reps.evang.ro\/wp-content\/uploads\/2026\/02\/IMG_7536-1536x1152.jpeg 1536w, https:\/\/reps.evang.ro\/wp-content\/uploads\/2026\/02\/IMG_7536-2048x1536.jpeg 2048w\" sizes=\"auto, (max-width: 1024px) 100vw, 1024px\" \/><button\n\t\t\tclass=\"lightbox-trigger\"\n\t\t\ttype=\"button\"\n\t\t\taria-haspopup=\"dialog\"\n\t\t\taria-label=\"Vergr\u00f6\u00dfern\"\n\t\t\tdata-wp-init=\"callbacks.initTriggerButton\"\n\t\t\tdata-wp-on--click=\"actions.showLightbox\"\n\t\t\tdata-wp-style--right=\"state.imageButtonRight\"\n\t\t\tdata-wp-style--top=\"state.imageButtonTop\"\n\t\t>\n\t\t\t<svg xmlns=\"http:\/\/www.w3.org\/2000\/svg\" width=\"12\" height=\"12\" fill=\"none\" viewBox=\"0 0 12 12\">\n\t\t\t\t<path fill=\"#fff\" d=\"M2 0a2 2 0 0 0-2 2v2h1.5V2a.5.5 0 0 1 .5-.5h2V0H2Zm2 10.5H2a.5.5 0 0 1-.5-.5V8H0v2a2 2 0 0 0 2 2h2v-1.5ZM8 12v-1.5h2a.5.5 0 0 0 .5-.5V8H12v2a2 2 0 0 1-2 2H8Zm2-12a2 2 0 0 1 2 2v2h-1.5V2a.5.5 0 0 0-.5-.5H8V0h2Z\" \/>\n\t\t\t<\/svg>\n\t\t<\/button><\/figure>\n<\/figure>\n\n\n\n<p><em>Die Kirchenburg kann derzeit nicht besichtigt werden <\/em><br><\/p>\n\n\n\n<p>Die Kirchenburg Streitfort geht auf eine romanische Basilika aus dem 13. Jahrhundert zur\u00fcck, von der Mittelschiff und Chorquadrat erhalten sind. Im 15. Jahrhundert wurde der Bau zur Saalkirche umgestaltet; sp\u00e4ter kamen Vorhallen an der Nord- und S\u00fcdseite hinzu. Die ehemalige Befestigungsanlage umgab die Kirche als wehrhafte Ringmauer mit Eckt\u00fcrmen, von denen heute nur noch der S\u00fcdostturm besteht. Bemerkenswert sind eine Glocke von 1570 sowie eine sp\u00e4tmittelalterliche Madonna und ein gro\u00dfes Holzkruzifix aus der \u00dcbergangszeit von Gotik zur Renaissance. Ein Verein hat die Kirche gepachtet und bereitet eine Renovierung vor. Die Anlage kann derzeit <strong>nicht besichtigt <\/strong>werden. An einem touristischen Konzept soll in Zukunft gearbeitet werden. Ganz in der N\u00e4he der Ortschaft steht die gr\u00f6\u00dfte und \u00e4lteste Eiche Rum\u00e4niens auf der Streitforter Hutweide, welche angeblich noch aus der Ansiedlungszeit der s\u00e4chischen Bewohner stammt. Von dort aus er\u00f6ffnet sich ein atemberaubender Blick auf die umliegende Landschaft.<\/p>\n\n\n\n<p><\/p>\n\n\n\n<p><strong>\u00d6ffnungszeiten Kirchenburg<\/strong>: <em>Derzeit geschlossen<\/em><\/p>\n\n\n\n<p><\/p>\n","protected":false},"excerpt":{"rendered":"<p>Die Kirchenburg kann derzeit nicht besichtigt werden Die Kirchenburg Streitfort geht auf eine romanische Basilika aus dem 13. Jahrhundert zur\u00fcck, von der Mittelschiff und Chorquadrat erhalten sind. Im 15. Jahrhundert wurde der Bau zur Saalkirche umgestaltet; sp\u00e4ter kamen Vorhallen an der Nord- und S\u00fcdseite hinzu. Die ehemalige Befestigungsanlage umgab die Kirche als wehrhafte Ringmauer mit [&hellip;]<\/p>\n","protected":false},"author":1,"featured_media":0,"parent":0,"menu_order":0,"comment_status":"closed","ping_status":"closed","template":"","meta":{"footnotes":""},"class_list":["post-54","page","type-page","status-publish","hentry"],"_links":{"self":[{"href":"https:\/\/reps.evang.ro\/index.php\/wp-json\/wp\/v2\/pages\/54","targetHints":{"allow":["GET"]}}],"collection":[{"href":"https:\/\/reps.evang.ro\/index.php\/wp-json\/wp\/v2\/pages"}],"about":[{"href":"https:\/\/reps.evang.ro\/index.php\/wp-json\/wp\/v2\/types\/page"}],"author":[{"embeddable":true,"href":"https:\/\/reps.evang.ro\/index.php\/wp-json\/wp\/v2\/users\/1"}],"replies":[{"embeddable":true,"href":"https:\/\/reps.evang.ro\/index.php\/wp-json\/wp\/v2\/comments?post=54"}],"version-history":[{"count":5,"href":"https:\/\/reps.evang.ro\/index.php\/wp-json\/wp\/v2\/pages\/54\/revisions"}],"predecessor-version":[{"id":474,"href":"https:\/\/reps.evang.ro\/index.php\/wp-json\/wp\/v2\/pages\/54\/revisions\/474"}],"wp:attachment":[{"href":"https:\/\/reps.evang.ro\/index.php\/wp-json\/wp\/v2\/media?parent=54"}],"curies":[{"name":"wp","href":"https:\/\/api.w.org\/{rel}","templated":true}]}}