{"id":56,"date":"2025-02-01T13:38:11","date_gmt":"2025-02-01T13:38:11","guid":{"rendered":"https:\/\/reps.evang.ro\/?page_id=56"},"modified":"2025-04-01T20:24:22","modified_gmt":"2025-04-01T20:24:22","slug":"mitgliedschaft","status":"publish","type":"page","link":"https:\/\/reps.evang.ro\/index.php\/mitgliedschaft\/","title":{"rendered":"Mitgliedschaft"},"content":{"rendered":"\n<blockquote class=\"wp-block-quote is-style-plain is-layout-flow wp-block-quote-is-layout-flow\"><\/blockquote>\n\n\n\n<p>Unsere Diaspora ist offen f\u00fcr neue Mitglieder! Als Teil der Evangelischen Kirche A.B. in Rum\u00e4nien (EKR) halten wir uns hierzu an geltendes <a href=\"https:\/\/www.evang.ro\/fileadmin\/user_upload\/Kirchenordnung_KO_Internetversion.pdf\">Kirchenrecht<\/a>. <\/p>\n\n\n\n<p>Sie k\u00f6nnen regul\u00e4r Vollmitglied sein, wenn Sie dauerhaft im Repser Gebiet wohnen und die Mitgliedschaft durch Taufe, Konfirmation oder \u00dcbertritt erworben haben . <\/p>\n\n\n\n<p>Sind Sie bereits Mitglied einer anderen evangelischen Kirche in Deutschland, steht Ihnen die sogenannte Zweitmitgliedschaft im <a href=\"https:\/\/www.evang.ro\/fileadmin\/user_upload\/durchfuehrungsbestimmungen_zweitmitgliedschaft.pdf\">Sonderstatus<\/a> offen. <\/p>\n\n\n\n<p>Gesuche zu Eintritt, \u00dcbertritt oder Zweitmitgliedschaft sind an das Pfarramt Reps in Person der Pfarrerin zu richten.<\/p>\n\n\n\n<p><\/p>\n\n\n\n<p><\/p>\n","protected":false},"excerpt":{"rendered":"<p>Unsere Diaspora ist offen f\u00fcr neue Mitglieder! Als Teil der Evangelischen Kirche A.B. in Rum\u00e4nien (EKR) halten wir uns hierzu an geltendes Kirchenrecht. Sie k\u00f6nnen regul\u00e4r Vollmitglied sein, wenn Sie dauerhaft im Repser Gebiet wohnen und die Mitgliedschaft durch Taufe, Konfirmation oder \u00dcbertritt erworben haben . Sind Sie bereits Mitglied einer anderen evangelischen Kirche in [&hellip;]<\/p>\n","protected":false},"author":1,"featured_media":0,"parent":0,"menu_order":0,"comment_status":"closed","ping_status":"closed","template":"","meta":{"footnotes":""},"class_list":["post-56","page","type-page","status-publish","hentry"],"_links":{"self":[{"href":"https:\/\/reps.evang.ro\/index.php\/wp-json\/wp\/v2\/pages\/56","targetHints":{"allow":["GET"]}}],"collection":[{"href":"https:\/\/reps.evang.ro\/index.php\/wp-json\/wp\/v2\/pages"}],"about":[{"href":"https:\/\/reps.evang.ro\/index.php\/wp-json\/wp\/v2\/types\/page"}],"author":[{"embeddable":true,"href":"https:\/\/reps.evang.ro\/index.php\/wp-json\/wp\/v2\/users\/1"}],"replies":[{"embeddable":true,"href":"https:\/\/reps.evang.ro\/index.php\/wp-json\/wp\/v2\/comments?post=56"}],"version-history":[{"count":2,"href":"https:\/\/reps.evang.ro\/index.php\/wp-json\/wp\/v2\/pages\/56\/revisions"}],"predecessor-version":[{"id":273,"href":"https:\/\/reps.evang.ro\/index.php\/wp-json\/wp\/v2\/pages\/56\/revisions\/273"}],"wp:attachment":[{"href":"https:\/\/reps.evang.ro\/index.php\/wp-json\/wp\/v2\/media?parent=56"}],"curies":[{"name":"wp","href":"https:\/\/api.w.org\/{rel}","templated":true}]}}