{"id":95,"date":"2025-02-01T13:49:20","date_gmt":"2025-02-01T13:49:20","guid":{"rendered":"https:\/\/reps.evang.ro\/?page_id=95"},"modified":"2025-02-02T19:24:02","modified_gmt":"2025-02-02T19:24:02","slug":"soziale-arbeit","status":"publish","type":"page","link":"https:\/\/reps.evang.ro\/index.php\/soziale-arbeit\/","title":{"rendered":"Soziale Arbeit"},"content":{"rendered":"\n<h2 class=\"wp-block-heading has-medium-font-size\">Referentin f\u00fcr den Kontakt zu den Mitgliedern im Repser Gebiet: Andrea Judith Krempels<\/h2>\n\n\n<div class=\"wp-block-image\">\n<figure class=\"alignleft size-medium\"><img loading=\"lazy\" decoding=\"async\" width=\"300\" height=\"225\" src=\"https:\/\/reps.evang.ro\/wp-content\/uploads\/2025\/02\/Bild-Krempels-1-300x225.jpeg\" alt=\"\" class=\"wp-image-203\" srcset=\"https:\/\/reps.evang.ro\/wp-content\/uploads\/2025\/02\/Bild-Krempels-1-300x225.jpeg 300w, https:\/\/reps.evang.ro\/wp-content\/uploads\/2025\/02\/Bild-Krempels-1-1024x768.jpeg 1024w, https:\/\/reps.evang.ro\/wp-content\/uploads\/2025\/02\/Bild-Krempels-1-768x576.jpeg 768w, https:\/\/reps.evang.ro\/wp-content\/uploads\/2025\/02\/Bild-Krempels-1-1536x1152.jpeg 1536w, https:\/\/reps.evang.ro\/wp-content\/uploads\/2025\/02\/Bild-Krempels-1.jpeg 1600w\" sizes=\"auto, (max-width: 300px) 100vw, 300px\" \/><\/figure>\n<\/div>\n\n\n<p>Das Demokratische Forum der Deutschen in Siebenb\u00fcrgen und die Evangelische Kirche A.B. in Rum\u00e4nien haben sich zum Ziel gesetzt, im Rahmen eines gemeinsamen Projektes den Kontakt zu ihren in Abgeschiedenheit lebenden Mitgliedern zu verst\u00e4rken, ihre Not zu erkennen und ihnen, soweit m\u00f6glich, eine Betreuung zukommen zu lassen.<\/p>\n\n\n\n<p>Es besteht hierzu eine enge Kooperation u.a. mit der Saxonia-Stiftung und anderen sozialen und diakonischen Einrichtungen, um unsere Bed\u00fcrftigen zu unterst\u00fctzen.<\/p>\n\n\n\n<p>Geografisch erstreckt sich das T\u00e4tigkeitsfeld \u00fcber die Ortschaft Reps und die umliegenden Gemeinden der Repser Diaspora, die kirchlich zum Kirchenbezirk Kronstadt geh\u00f6ren.<\/p>\n\n\n\n<p>Seit Mitte 2023 hatte Heidi Meyndt aus Seligstadt die Stelle inne und bereits eine \u00dcbersicht unserer vereinsamten Mitglieder im Raum Reps\/Fogarasch erstellt, in der die speziellen Probleme der Einzelnen erfasst sind. Heidi Meyndt wird bis auf weiteres den Bereich Fogarasch weiterbetreuen.<\/p>\n\n\n\n<p>Hier nun m\u00f6chte ich mich vorstellen: Mein Name ist Andrea Judith Krempels. Ich bin in Reps geboren und in Galt aufgewachsen. Als Kind bin ich nach Deutschland ausgewandert, habe dort die Schule besucht, eine kaufm\u00e4nnische Ausbildung abgeschlossen und anschlie\u00dfend P\u00e4dagogik studiert. Im Jahr 2004 konnte ich als Ifa Kulturassistentin nach Reschitza kommen, allerdings war bereits vorher der Wunsch da, etwas Sinnvolles in meiner Heimat zu tun. Nach einer kurzen Pause in Deutschland kam ich 2007 nach Hermannstadt, denn ich wollte das Kulturhauptstadtjahr miterleben. Dort traf ich auf die Stiftung Kirchenburgen, die damals noch Leitstelle Kirchenburgen hie\u00df. Man brauchte dringend jemanden f\u00fcr\u2018s B\u00fcro um die Planung der zuk\u00fcnftig zu renovierenden Kirchen mitzugestalten. Anschlie\u00dfend konnte ich bei der Stadtpfarrkirche im Umweltprojekt mitarbeiten. Letztlich zog ich nach Sch\u00e4\u00dfburg und arbeitete viele Jahre in der Jugendhilfe.<\/p>\n\n\n\n<p>Seit Juli 2024 bin ich nun Refentin f\u00fcr die Diaspora im Repser L\u00e4ndchen und fahre regelm\u00e4ssig zu den hilfsbed\u00fcrftigen Menschen und unterst\u00fctze sie, wo es notwendig ist. Das kann praktische Hilfe sein, wie z.B. einen n\u00f6tigen Rollator oder andere Hilfsmittel zu beschaffen, Arzttermine zu vermitteln oder einfach auch nur zuzuh\u00f6ren und versuchen dem Alltag ein wenig Abwechslung zu verschaffen. Jeden Freitag kommen wir im Repser Pfarrhaus zusammen, um gemeinsam mit der Pfarrerin und den anderen Gemeindemitgiedern ins Gespr\u00e4ch zu kommen oder Veranstaltungen und Treffen zu planen. Zuhause sprechen wir drei verschiedene s\u00e4chsische Dialekte und somit haben wir eine gute Basis uns zu verst\u00e4ndigen. Ich freue mich von Ihnen zu h\u00f6ren!<\/p>\n\n\n\n<p>Kontakt: <a href=\"https:\/\/reps.evang.ro\/index.php\/kontakt\/\" data-type=\"page\" data-id=\"2\">Andrea Judith Krempels<\/a><\/p>\n\n\n\n<p><\/p>\n","protected":false},"excerpt":{"rendered":"<p>Referentin f\u00fcr den Kontakt zu den Mitgliedern im Repser Gebiet: Andrea Judith Krempels Das Demokratische Forum der Deutschen in Siebenb\u00fcrgen und die Evangelische Kirche A.B. in Rum\u00e4nien haben sich zum Ziel gesetzt, im Rahmen eines gemeinsamen Projektes den Kontakt zu ihren in Abgeschiedenheit lebenden Mitgliedern zu verst\u00e4rken, ihre Not zu erkennen und ihnen, soweit m\u00f6glich, [&hellip;]<\/p>\n","protected":false},"author":1,"featured_media":0,"parent":0,"menu_order":0,"comment_status":"closed","ping_status":"closed","template":"","meta":{"footnotes":""},"class_list":["post-95","page","type-page","status-publish","hentry"],"_links":{"self":[{"href":"https:\/\/reps.evang.ro\/index.php\/wp-json\/wp\/v2\/pages\/95","targetHints":{"allow":["GET"]}}],"collection":[{"href":"https:\/\/reps.evang.ro\/index.php\/wp-json\/wp\/v2\/pages"}],"about":[{"href":"https:\/\/reps.evang.ro\/index.php\/wp-json\/wp\/v2\/types\/page"}],"author":[{"embeddable":true,"href":"https:\/\/reps.evang.ro\/index.php\/wp-json\/wp\/v2\/users\/1"}],"replies":[{"embeddable":true,"href":"https:\/\/reps.evang.ro\/index.php\/wp-json\/wp\/v2\/comments?post=95"}],"version-history":[{"count":5,"href":"https:\/\/reps.evang.ro\/index.php\/wp-json\/wp\/v2\/pages\/95\/revisions"}],"predecessor-version":[{"id":209,"href":"https:\/\/reps.evang.ro\/index.php\/wp-json\/wp\/v2\/pages\/95\/revisions\/209"}],"wp:attachment":[{"href":"https:\/\/reps.evang.ro\/index.php\/wp-json\/wp\/v2\/media?parent=95"}],"curies":[{"name":"wp","href":"https:\/\/api.w.org\/{rel}","templated":true}]}}